{"id":3,"date":"2025-05-16T15:12:58","date_gmt":"2025-05-16T15:12:58","guid":{"rendered":"https:\/\/tenfortours.com\/?page_id=3"},"modified":"2025-07-15T09:46:50","modified_gmt":"2025-07-15T09:46:50","slug":"privacy-policy","status":"publish","type":"page","link":"https:\/\/tenfortours.com\/pt\/privacy-policy\/","title":{"rendered":"Pol\u00edtica de Privacidade"},"content":{"rendered":"<div data-elementor-type=\"wp-page\" data-elementor-id=\"3\" class=\"elementor elementor-3\" data-elementor-post-type=\"page\">\n\t\t\t\t<div class=\"elementor-element elementor-element-3b35fcb9 e-flex e-con-boxed e-con e-parent\" data-id=\"3b35fcb9\" data-element_type=\"container\" data-e-type=\"container\">\n\t\t\t\t\t<div class=\"e-con-inner\">\n\t\t\t\t<div class=\"elementor-element elementor-element-1f8960f6 elementor-widget elementor-widget-text-editor\" data-id=\"1f8960f6\" data-element_type=\"widget\" data-e-type=\"widget\" data-widget_type=\"text-editor.default\">\n\t\t\t\t<div class=\"elementor-widget-container\">\n\t\t\t\t\t\t\t\t\t\n<h1 class=\"wp-block-heading\"><strong>Pol\u00edtica de Privacidade<\/strong><\/h1>\n<p>A sua privacidade \u00e9 importante para n\u00f3s. \u00c9 pol\u00edtica da TEN FOR TOURS respeitar a sua privacidade relativamente a qualquer informa\u00e7\u00e3o que possamos recolher atrav\u00e9s do nosso site, TEN FOR TOURS, e de outros sites que possu\u00edmos e operamos.\n\nApenas solicitamos informa\u00e7\u00f5es pessoais quando realmente necessitamos delas para lhe fornecer um servi\u00e7o. Recolhemo-las por meios justos e legais, com o seu conhecimento e consentimento. Tamb\u00e9m informamos por que motivo estamos a recolher essa informa\u00e7\u00e3o e como ser\u00e1 utilizada.\n\nApenas retemos as informa\u00e7\u00f5es recolhidas pelo tempo necess\u00e1rio para lhe fornecer o servi\u00e7o solicitado. Os dados que armazenamos ser\u00e3o protegidos por meios comercialmente aceit\u00e1veis, de forma a evitar perda, roubo, bem como acesso, divulga\u00e7\u00e3o, c\u00f3pia, utiliza\u00e7\u00e3o ou modifica\u00e7\u00e3o n\u00e3o autorizados.\n\nN\u00e3o partilhamos publicamente nem com terceiros qualquer informa\u00e7\u00e3o pessoalmente identific\u00e1vel, exceto quando exigido por lei.\n\nO nosso site pode conter liga\u00e7\u00f5es para sites externos que n\u00e3o s\u00e3o operados por n\u00f3s. Por favor, esteja ciente de que n\u00e3o temos controlo sobre o conte\u00fado e pr\u00e1ticas desses sites, e n\u00e3o podemos aceitar responsabilidade pelas respetivas pol\u00edticas de privacidade.\n\n\u00c9 livre de recusar o fornecimento das suas informa\u00e7\u00f5es pessoais, compreendendo que poderemos n\u00e3o ser capazes de lhe fornecer alguns dos servi\u00e7os pretendidos.\n\nA continua\u00e7\u00e3o da utiliza\u00e7\u00e3o do nosso site ser\u00e1 considerada como aceita\u00e7\u00e3o das nossas pr\u00e1ticas em torno da privacidade e das informa\u00e7\u00f5es pessoais. Se tiver alguma d\u00favida sobre como lidamos com os dados dos utilizadores e as informa\u00e7\u00f5es pessoais, n\u00e3o hesite em contactar-nos.<br \/>Esta \u00e9 a Pol\u00edtica de Cookies da TEN FOR TOURS, acess\u00edvel a partir do endere\u00e7o: www.tenfortours.com <a href=\"https:\/\/tenfortours.com\/pt\/\">www.tenfortours.com.<\/a><\/p>\n<h2>O que s\u00e3o cookies<\/h2>\n<p>Tal como \u00e9 pr\u00e1tica comum em quase todos os sites profissionais, este site utiliza cookies, que s\u00e3o pequenos ficheiros descarregados para o seu computador, com o objetivo de melhorar a sua experi\u00eancia. Esta p\u00e1gina descreve que informa\u00e7\u00e3o \u00e9 recolhida, como a utilizamos e porque \u00e9 por vezes necess\u00e1rio armazenar estes cookies. Tamb\u00e9m partilhamos consigo como pode impedir que estes cookies sejam armazenados, embora tal possa reduzir ou desativar certas funcionalidades do site.<\/p>\n<h2>Como utilizamos as cookies<\/h2>\n<p>Utilizamos cookies por diversos motivos, detalhados abaixo. Infelizmente, na maioria dos casos, n\u00e3o existem op\u00e7\u00f5es padr\u00e3o da ind\u00fastria para desativar os cookies sem desativar completamente a funcionalidade e as caracter\u00edsticas que eles adicionam a este site. \u00c9 recomend\u00e1vel que mantenha todos os cookies ativados, caso n\u00e3o tenha a certeza se precisa deles ou n\u00e3o, pois podem ser usados para fornecer um servi\u00e7o que utiliza.<\/p>\n<h2>Desativar os Cookies<\/h2>\n<p>Pode impedir a defini\u00e7\u00e3o de cookies ajustando as configura\u00e7\u00f5es do seu navegador (consulte a Ajuda do navegador para saber como faz\u00ea-lo). Tenha em conta que a desativa\u00e7\u00e3o dos cookies afetar\u00e1 a funcionalidade deste e de muitos outros sites que visitar. Desativar os cookies resultar\u00e1 normalmente na desativa\u00e7\u00e3o de certas funcionalidades e caracter\u00edsticas deste site. Por esse motivo, \u00e9 recomend\u00e1vel que n\u00e3o desative os cookies.<\/p>\n<h2>Cookies que Utilizamos<\/h2>\n<h3>Cookies de Terceiros<\/h3>\n<p>Em alguns casos especiais, tamb\u00e9m utilizamos cookies fornecidos por terceiros de confian\u00e7a. A sec\u00e7\u00e3o seguinte detalha quais os cookies de terceiros que poder\u00e1 encontrar neste site.<br \/>Responsabilidades do Utilizador<br \/>O utilizador compromete-se a fazer uma utiliza\u00e7\u00e3o adequada dos conte\u00fados e das informa\u00e7\u00f5es oferecidas no site, com um comportamento exemplificativo, mas n\u00e3o limitativo:\n\nA) N\u00e3o se envolver em atividades ilegais ou contr\u00e1rias \u00e0 boa f\u00e9 e \u00e0 ordem p\u00fablica;\n\nB) N\u00e3o difundir propaganda ou conte\u00fados de natureza racista, xen\u00f3foba ou de jogo, pornografia ilegal de qualquer tipo, apologia ao terrorismo ou contra os direitos humanos;\n\nC) N\u00e3o causar danos nos sistemas f\u00edsicos (hardware) e l\u00f3gicos (software) da TEN FOR TOURS, dos seus fornecedores ou de terceiros, nem introduzir ou disseminar v\u00edrus inform\u00e1ticos ou quaisquer outros sistemas de hardware ou software que possam causar os danos anteriormente mencionados.\nMais Informa\u00e7\u00f5es\n\nEsperamos que esta explica\u00e7\u00e3o tenha sido clara. Como mencionado anteriormente, se tiver d\u00favidas sobre se precisa ou n\u00e3o de cookies, geralmente \u00e9 mais seguro deix\u00e1-los ativados, pois podem interagir com funcionalidades que utiliza no nosso site.\n\nEsta pol\u00edtica \u00e9 eficaz a partir de 18:03 de 28 de junho de 2025.<\/p>\t\t\t\t\t\t\t\t<\/div>\n\t\t\t\t<\/div>\n\t\t\t\t\t<\/div>\n\t\t\t\t<\/div>\n\t\t\t\t<\/div>","protected":false},"excerpt":{"rendered":"<p>Privacy Policy Your privacy is important to us. It is TEN FOR TOURS&#8217;s policy to respect your privacy regarding any information we may collect from you across our website, TEN FOR TOURS, and other sites we own and operate.We only ask for personal information when we truly need it to provide a service to you. [&hellip;]<\/p>\n","protected":false},"author":1,"featured_media":0,"parent":0,"menu_order":0,"comment_status":"closed","ping_status":"closed","template":"page-templates\/home.php","meta":{"footnotes":""},"class_list":["post-3","page","type-page","status-publish","hentry"],"_links":{"self":[{"href":"https:\/\/tenfortours.com\/pt\/wp-json\/wp\/v2\/pages\/3","targetHints":{"allow":["GET"]}}],"collection":[{"href":"https:\/\/tenfortours.com\/pt\/wp-json\/wp\/v2\/pages"}],"about":[{"href":"https:\/\/tenfortours.com\/pt\/wp-json\/wp\/v2\/types\/page"}],"author":[{"embeddable":true,"href":"https:\/\/tenfortours.com\/pt\/wp-json\/wp\/v2\/users\/1"}],"replies":[{"embeddable":true,"href":"https:\/\/tenfortours.com\/pt\/wp-json\/wp\/v2\/comments?post=3"}],"version-history":[{"count":12,"href":"https:\/\/tenfortours.com\/pt\/wp-json\/wp\/v2\/pages\/3\/revisions"}],"predecessor-version":[{"id":6502,"href":"https:\/\/tenfortours.com\/pt\/wp-json\/wp\/v2\/pages\/3\/revisions\/6502"}],"wp:attachment":[{"href":"https:\/\/tenfortours.com\/pt\/wp-json\/wp\/v2\/media?parent=3"}],"curies":[{"name":"wp","href":"https:\/\/api.w.org\/{rel}","templated":true}]}}