{"id":5769,"date":"2025-05-21T10:26:25","date_gmt":"2025-05-21T10:26:25","guid":{"rendered":"https:\/\/tenfortours.com\/?page_id=5769"},"modified":"2025-07-03T13:35:07","modified_gmt":"2025-07-03T13:35:07","slug":"contact-us","status":"publish","type":"page","link":"https:\/\/tenfortours.com\/pt\/contact-us\/","title":{"rendered":"Contactos"},"content":{"rendered":"<div data-elementor-type=\"wp-page\" data-elementor-id=\"5769\" class=\"elementor elementor-5769\" data-elementor-post-type=\"page\">\n\t\t\t\t\t\t<section class=\"elementor-section elementor-top-section elementor-element elementor-element-550c306 elementor-section-full_width elementor-section-height-default elementor-section-height-default\" data-id=\"550c306\" data-element_type=\"section\" data-e-type=\"section\">\n\t\t\t\t\t\t<div class=\"elementor-container elementor-column-gap-no\">\n\t\t\t\t\t<div class=\"elementor-column elementor-col-100 elementor-top-column elementor-element elementor-element-77d1bef\" data-id=\"77d1bef\" data-element_type=\"column\" data-e-type=\"column\">\n\t\t\t<div class=\"elementor-widget-wrap elementor-element-populated\">\n\t\t\t\t\t\t<div class=\"elementor-element elementor-element-bee56e8 elementor-align-left elementor-widget elementor-widget-pages-banner\" data-id=\"bee56e8\" data-element_type=\"widget\" data-e-type=\"widget\" data-widget_type=\"pages-banner.default\">\n\t\t\t\t<div class=\"elementor-widget-container\">\n\t\t\t\t\t\r\n\t\t\t\t<div class=\"banner-header section-padding valign bg-img bg-fixed\" data-overlay-dark=\"4\" data-background=\"https:\/\/tenfortours.com\/wp-content\/uploads\/2025\/06\/TFT-25_Web_Contactos.jpg\">\r\n\t\t\t\t\t<div class=\"container\">\r\n\t\t\t\t<div class=\"row\">\r\n\t\t\t\t\t<div class=\"col-md-12 caption mt-90\">\r\n\t\t\t\t\t\t\t\t\t\t\t\t<h5>Entre em contacto<\/h5>\r\n\t\t\t\t\t\t\t\t\t\t\t\t\t\t\t\t\t\t<h1>Contactos<\/h1>\r\n\t\t\t\t\t\t\t\t\t\t\t<\/div>\r\n\t\t\t\t<\/div>\r\n\t\t\t<\/div>\r\n\t\t<\/div>\r\n\r\n\t\t\t\t\t<\/div>\n\t\t\t\t<\/div>\n\t\t\t\t\t<\/div>\n\t\t<\/div>\n\t\t\t\t\t<\/div>\n\t\t<\/section>\n\t\t\t\t<section class=\"elementor-section elementor-top-section elementor-element elementor-element-fb25961 elementor-section-full_width elementor-section-height-default elementor-section-height-default\" data-id=\"fb25961\" data-element_type=\"section\" data-e-type=\"section\">\n\t\t\t\t\t\t<div class=\"elementor-container elementor-column-gap-no\">\n\t\t\t\t\t<div class=\"elementor-column elementor-col-100 elementor-top-column elementor-element elementor-element-9394148\" data-id=\"9394148\" data-element_type=\"column\" data-e-type=\"column\">\n\t\t\t<div class=\"elementor-widget-wrap elementor-element-populated\">\n\t\t\t\t\t\t<div class=\"elementor-element elementor-element-712735d elementor-align-left elementor-widget elementor-widget-pages-contact\" data-id=\"712735d\" data-element_type=\"widget\" data-e-type=\"widget\" data-widget_type=\"pages-contact.default\">\n\t\t\t\t<div class=\"elementor-widget-container\">\n\t\t\t\t\t\r\n\t\t<section class=\"contact section-padding\">\r\n\t\t\t<div class=\"container\">\r\n\t\t\t\t<div class=\"row mb-90\">\r\n\t\t\t\t\t<div class=\"col-md-6 mb-60\">\r\n\t\t\t\t\t\t\t\t\t\t\t\t<h3>Ten for Tours<\/h3>\r\n\t\t\t\t\t\t\t\t\t\t\t\t\t\t\t\t\t\t<p>Experimente Portugal como nunca antes. Convidamos todos os viajantes a descobrir a rica cultura, hist\u00f3ria e beleza natural do pa\u00eds atrav\u00e9s de viagens \u00fanicas, confort\u00e1veis e inesquec\u00edveis. Como l\u00edder de confian\u00e7a no turismo personalizado, criamos experi\u00eancias aut\u00eanticas, memor\u00e1veis e de\nqualidade, feitas \u00e0 sua medida.<\/p>\r\n\t\t\t\t\t\t\t\t\t\t\t\t\t\t\t\t\t\t<div class=\"reservations mb-30\">\r\n\t\t\t\t\t\t\t\t\t\t\t\t\t\t<div class=\"icon\"><span class=\"flaticon-call\"><\/span><\/div>\r\n\t\t\t\t\t\t\t\t\t\t\t\t\t\t\t\t\t\t\t\t\t<div class=\"text\">\r\n\t\t\t\t\t\t\t\t<p>Reservas<\/p> <a href=\"tel:00351913615679\">+351 913 615 679<\/a>\t\t\t\t\t\t\t<\/div>\r\n\t\t\t\t\t\t\t\t\t\t\t\t\t<\/div>\r\n\t\t\t\t\t\t\t\t\t\t\t\t<div class=\"reservations mb-30\">\r\n\t\t\t\t\t\t\t\t\t\t\t\t\t\t<div class=\"icon\"><span class=\"flaticon-envelope\"><\/span><\/div>\r\n\t\t\t\t\t\t\t\t\t\t\t\t\t\t\t\t\t\t\t\t\t<div class=\"text\">\r\n\t\t\t\t\t\t\t\t<p>E-mail de informa\u00e7\u00f5es<\/p> <a href=\"mailto:geral@tenfortours.com\">geral@tenfortours.com<\/a>\t\t\t\t\t\t\t<\/div>\r\n\t\t\t\t\t\t\t\t\t\t\t\t\t<\/div>\r\n\t\t\t\t\t\t\t\t\t\t\t<\/div>\r\n\t\t\t\t\t<div class=\"col-md-5 mb-30 offset-md-1\">\r\n\t\t\t\t\t\t\t\t\t\t\t\t<h3>Entre em contacto<\/h3>\r\n\t\t\t\t\t\t\t\t\t\t\t\t\t\t\t\t\t\t\n<div class=\"wpcf7 no-js\" id=\"wpcf7-f5777-o1\" lang=\"en-US\" dir=\"ltr\" data-wpcf7-id=\"5777\">\n<div class=\"screen-reader-response\"><p role=\"status\" aria-live=\"polite\" aria-atomic=\"true\"><\/p> <ul><\/ul><\/div>\n<form action=\"\/pt\/wp-json\/wp\/v2\/pages\/5769#wpcf7-f5777-o1\" method=\"post\" class=\"wpcf7-form init\" aria-label=\"Contact form\" novalidate=\"novalidate\" data-status=\"init\" data-trp-original-action=\"\/pt\/wp-json\/wp\/v2\/pages\/5769#wpcf7-f5777-o1\">\n<fieldset class=\"hidden-fields-container\"><input type=\"hidden\" name=\"_wpcf7\" value=\"5777\" \/><input type=\"hidden\" name=\"_wpcf7_version\" value=\"6.1.5\" \/><input type=\"hidden\" name=\"_wpcf7_locale\" value=\"en_US\" \/><input type=\"hidden\" name=\"_wpcf7_unit_tag\" value=\"wpcf7-f5777-o1\" \/><input type=\"hidden\" name=\"_wpcf7_container_post\" value=\"0\" \/><input type=\"hidden\" name=\"_wpcf7_posted_data_hash\" value=\"\" \/>\n<\/fieldset>\n<div class=\"row\">\n\t<div class=\"col-12\">\n\t\t<div class=\"alert alert-success contact__msg\" style=\"display: none\" role=\"alert\">\n\t\t\t<p>Your message was sent successfully.\n\t\t\t<\/p>\n\t\t<\/div>\n\t<\/div>\n<\/div>\n <!-- form elements -->\n<div class=\"row\">\n\t<div class=\"col-md-6 form-group\">\n\t\t<p><span class=\"wpcf7-form-control-wrap\" data-name=\"your-name\"><input size=\"40\" maxlength=\"400\" class=\"wpcf7-form-control wpcf7-text\" aria-invalid=\"false\" placeholder=\"O seu nome *\" value=\"\" type=\"text\" name=\"your-name\" \/><\/span>\n\t\t<\/p>\n\t<\/div>\n\t<div class=\"col-md-6 form-group\">\n\t\t<p><span class=\"wpcf7-form-control-wrap\" data-name=\"your-email\"><input size=\"40\" maxlength=\"400\" class=\"wpcf7-form-control wpcf7-email wpcf7-validates-as-required wpcf7-text wpcf7-validates-as-email\" aria-required=\"true\" aria-invalid=\"false\" placeholder=\"O seu e-mail *\" value=\"\" type=\"email\" name=\"your-email\" \/><\/span>\n\t\t<\/p>\n\t<\/div>\n\t<div class=\"col-md-6 form-group\">\n\t\t<p><span class=\"wpcf7-form-control-wrap\" data-name=\"your-phone\"><input size=\"40\" maxlength=\"400\" class=\"wpcf7-form-control wpcf7-text\" aria-invalid=\"false\" placeholder=\"O seu n\u00famero *\" value=\"\" type=\"text\" name=\"your-phone\" \/><\/span>\n\t\t<\/p>\n\t<\/div>\n\t<div class=\"col-md-6 form-group\">\n\t\t<p><span class=\"wpcf7-form-control-wrap\" data-name=\"your-subject\"><input size=\"40\" maxlength=\"400\" class=\"wpcf7-form-control wpcf7-text\" aria-invalid=\"false\" placeholder=\"Assunto *\" value=\"\" type=\"text\" name=\"your-subject\" \/><\/span>\n\t\t<\/p>\n\t<\/div>\n\t<div class=\"col-md-6 form-group\">\n\t\t<p>Tours:<br \/>\n<span class=\"wpcf7-form-control-wrap\" data-name=\"Tours\"><select class=\"wpcf7-form-control wpcf7-select\" aria-invalid=\"false\" name=\"Tours\"><option value=\"\"><\/option><option value=\"Porto - Brejoeira Palace: Visit, Tasting and Lunch + Valen\u00e7a and Ger\u00eas\">Do Porto | Pal\u00e1cio da Brejoeira: Visita, Prova e Almo\u00e7o + Valen\u00e7a e Ger\u00eas<\/option><option value=\"Porto \u21c4 Lisbon with 4 Hours of Free Time and Return to Porto\">Porto \u21c4 Lisboa com 4 horas de tempo livre e regresso ao Porto<\/option><option value=\"F\u00e1tima &amp; Batalha Monastery \u2013 Heritage &amp; Faith\">F\u00e1tima e Mosteiro\nda Batalha - Patrim\u00f3nio e F\u00e9<\/option><option value=\"Douro Valley and Green Wine with Tastings, Chef Lunch and Boat\">Douro e Vinho Verde com Provas,\nAlmo\u00e7o de Chefe e Barco<\/option><option value=\"Porto-Lisbon or Lisbon-Porto Private Tour with 3 Cultural Stops\">Porto-Lisboa ou Lisboa-Porto Tour\nPrivado com 3 Paragens Culturais<\/option><\/select><\/span>\n\t\t<\/p>\n\t<\/div>\n\t<div class=\"col-md-6 form-group\">\n\t\t<p>Experi\u00eancia VIP:<br \/>\n<span class=\"wpcf7-form-control-wrap\" data-name=\"vip\"><select class=\"wpcf7-form-control wpcf7-select\" aria-invalid=\"false\" name=\"vip\"><option value=\"\"><\/option><option value=\"Porto \u21c4 Lisbon with 3 Stops and Return to Porto\">Porto \u21c4 Lisboa com\n3 Paragens e Regresso ao Porto<\/option><option value=\"Porto \u21c4 Lisbon with 4 Hours of Free Time and Return to Porto\">Porto \u21c4 Lisboa com 4 horas de tempo livre e regresso ao Porto<\/option><option value=\"Douro Valley &amp; Green Wine\">Vale do Douro e\nVinhos Verdes<\/option><option value=\"F\u00e1tima &amp; Batalha Monastery \u2013 Heritage &amp; Faith\">F\u00e1tima e Mosteiro\nda Batalha - Patrim\u00f3nio e F\u00e9<\/option><option value=\"Porto City Tour\">Porto City Tour<\/option><option value=\"Braga and Guimar\u00e3es\">Braga e Guimar\u00e3es<\/option><option value=\"Aveiro and Costa Nova \u00b7 Half Day\">Aveiro e Costa Nova\n- Meio Dia<\/option><option value=\"Historical Tour of Viana do Castelo \u00b7 Half Day\">Passeio Hist\u00f3rico\nde Viana do Castelo - Meio Dia<\/option><option value=\"Private Douro Tour - Personalized\">Private Douro Tour \u2013\nPersonalizado<\/option><option value=\"Douro Private Tour: Winery, Tasting, Boat Trip and Viewpoints\">Tour Privado no\nDouro: Adega, Prova, Passeio de\nBarco e Miradouros<\/option><option value=\"Private Tour to the Historical Villages of the North\">Tour Privado \u00e0s\nAldeias Hist\u00f3ricas do Norte<\/option><option value=\"Private Tour to Peneda-Ger\u00eas National Park\">Tour Privado ao\nParque Nacional da Peneda-Ger\u00eas<\/option><option value=\"Private Tour Nazar\u00e9 - Departure from Porto\">Tour Privado Nazar\u00e9\n- Sa\u00edda do Porto<\/option><\/select><\/span>\n\t\t<\/p>\n\t<\/div>\n\t<div class=\"col-md-6 form-group\">\n\t\t<p>Transfers:<br \/>\n<span class=\"wpcf7-form-control-wrap\" data-name=\"transfers\"><select class=\"wpcf7-form-control wpcf7-select\" aria-invalid=\"false\" name=\"transfers\"><option value=\"\"><\/option><option value=\"Luxury Private Transfer: Oporto Airport \u2192 Porto Center (Vice - versa)\">Transfer Privado de Luxo: Aeroporto\ndo Porto \u2192 Centro do Porto (Vice -\nversa)<\/option><option value=\"Private Transfer: Porto \u2192 Madrid (Vice-Versa)\">Transfer Privado: Porto \u2192 Madrid\n(Vice-Versa)<\/option><option value=\"Private Transfer: Porto \u2192 Santiago de Compostela (vice versa)\">Transfer Privado: Porto \u2192 Santiago de\nCompostela (vice-versa)<\/option><option value=\"Private Transfer: Porto \u2192 Braga\">Transfer Privado: Porto \u2192 Braga<\/option><option value=\"Private Transfer: Porto \u2192 Vigo (Spain)\">Transfer Privado: Porto \u2192 Vigo\n(Espanha)<\/option><option value=\"Private Transfer: Porto \u2192 Coimbra\">Transfer Privado: Porto \u2192 Coimbra<\/option><\/select><\/span>\n\t\t<\/p>\n\t<\/div>\n\t<div class=\"col-md-6 form-group\">\n\t\t<p>N\u00ba pessoa *:<br \/>\n<span class=\"wpcf7-form-control-wrap\" data-name=\"number\"><select class=\"wpcf7-form-control wpcf7-select wpcf7-validates-as-required\" aria-required=\"true\" aria-invalid=\"false\" name=\"number\"><option value=\"1\">1<\/option><option value=\"2\">2<\/option><option value=\"3\">3<\/option><option value=\"4\">4<\/option><option value=\"5\">5<\/option><option value=\"6\">6<\/option><option value=\"7\">7<\/option><\/select><\/span>\n\t\t<\/p>\n\t<\/div>\n\t<div class=\"col-md-6 form-group\">\n\t\t<p><span class=\"wpcf7-form-control-wrap\" data-name=\"pickup\"><input size=\"40\" maxlength=\"400\" class=\"wpcf7-form-control wpcf7-text\" aria-invalid=\"false\" placeholder=\"Ponto de Embarque\" value=\"\" type=\"text\" name=\"pickup\" \/><\/span>\n\t\t<\/p>\n\t<\/div>\n\t<div class=\"col-md-6 form-group\">\n\t\t<p><span class=\"wpcf7-form-control-wrap\" data-name=\"dropoff\"><input size=\"40\" maxlength=\"400\" class=\"wpcf7-form-control wpcf7-text\" aria-invalid=\"false\" placeholder=\"Ponto de Desembarque\" value=\"\" type=\"text\" name=\"dropoff\" \/><\/span>\n\t\t<\/p>\n\t<\/div>\n\t<div class=\"col-md-12 form-group\">\n\t\t<p><span class=\"wpcf7-form-control-wrap\" data-name=\"your-message\"><textarea cols=\"40\" rows=\"10\" maxlength=\"2000\" class=\"wpcf7-form-control wpcf7-textarea\" id=\"message\" aria-invalid=\"false\" placeholder=\"Mensagem *\" name=\"your-message\"><\/textarea><\/span>\n\t\t<\/p>\n\t<\/div>\n\t<div class=\"col-md-12 form-group\">\n\t\t<p><span class=\"wpcf7-form-control-wrap\" data-name=\"acceptance-340\"><span class=\"wpcf7-form-control wpcf7-acceptance\"><span class=\"wpcf7-list-item\"><label><input type=\"checkbox\" name=\"acceptance-340\" value=\"1\" aria-invalid=\"false\" \/><span class=\"wpcf7-list-item-label\">&nbsp;<a href=\"https:\/\/tenfortours.com\/pt\/privacy-policy\/\" target=\"_blank\">Li e aceito a Pol\u00edtica de Privacidade<\/a><\/span><\/label><\/span><\/span><\/span>\n\t\t<\/p>\n\t<\/div>\n\t<div class=\"col-md-12\">\n\t\t<p><input class=\"wpcf7-form-control wpcf7-submit has-spinner butn-dark\" type=\"submit\" value=\"Enviar mensagem\" \/>\n\t\t<\/p>\n\t<\/div>\n<\/div><div class=\"wpcf7-response-output\" aria-hidden=\"true\"><\/div>\n<input type=\"hidden\" name=\"trp-form-language\" value=\"pt\"\/><\/form>\n<\/div>\n\t\t\t\t\t\t\t\t\t\t\t<\/div>\r\n\t\t\t\t<\/div>\r\n\t\t\t\t<!-- Map Section -->\r\n\t\t\t\t\t\t\t<\/div>\r\n\t\t<\/section>\r\n\t\t\r\n\r\n\t\t\t\t\t<\/div>\n\t\t\t\t<\/div>\n\t\t\t\t\t<\/div>\n\t\t<\/div>\n\t\t\t\t\t<\/div>\n\t\t<\/section>\n\t\t\t\t<section class=\"elementor-section elementor-top-section elementor-element elementor-element-dcb2798 elementor-section-full_width elementor-section-height-default elementor-section-height-default\" data-id=\"dcb2798\" data-element_type=\"section\" data-e-type=\"section\">\n\t\t\t\t\t\t<div class=\"elementor-container elementor-column-gap-no\">\n\t\t\t\t\t<div class=\"elementor-column elementor-col-100 elementor-top-column elementor-element elementor-element-069bfee\" data-id=\"069bfee\" data-element_type=\"column\" data-e-type=\"column\">\n\t\t\t<div class=\"elementor-widget-wrap elementor-element-populated\">\n\t\t\t\t\t\t<div class=\"elementor-element elementor-element-bdd51c8 elementor-align-left elementor-widget elementor-widget-home-testimonials-2\" data-id=\"bdd51c8\" data-element_type=\"widget\" data-e-type=\"widget\" data-widget_type=\"home-testimonials-2.default\">\n\t\t\t\t<div class=\"elementor-widget-container\">\n\t\t\t\t\t\n\t\t<section class=\"testimonials\">\n\t\t\t\t\t\t<div class=\"background bg-img bg-fixed section-padding pb-0\" data-background=\"https:\/\/tenfortours.com\/wp-content\/uploads\/2025\/06\/Web-i07_Imagem-2.jpg\" data-overlay-dark=\"2\">\n\t\t\t\t\t\t\t<div class=\"container\">\n\t\t\t\t\t<div class=\"row\">\n\t\t\t\t\t\t<!-- Reservation -->\n\t\t\t\t\t\t<div class=\"col-md-5 mb-30 mt-30\">\n\t\t\t\t\t\t\t\t\t\t\t\t\t\t<p>\t\t\t\t\t\t\t\t<i class=\"star-rating\"><\/i>\n\t\t\t\t\t\t\t\t<i class=\"star-rating\"><\/i>\n\t\t\t\t\t\t\t\t<i class=\"star-rating\"><\/i>\n\t\t\t\t\t\t\t\t<i class=\"star-rating\"><\/i>\n\t\t\t\t\t\t\t\t<i class=\"star-rating\"><\/i>\n\t\t\t\t\t\t\t\t<\/p>\n\t\t\t\t\t\t\t\t\t\t\t\t\t\t\t\t\t\t\t\t\t<h5>Que comece a viagem de uma vida - vem connosco?<\/h5>\n\t\t\t\t\t\t\t\t\t\t\t\t\t\t\t\t\t\t\t\t\t<div class=\"reservations mb-30\">\n\t\t\t\t\t\t\t\t<div class=\"icon color-1\"><span class=\"flaticon-call\"><\/span><\/div>\n\t\t\t\t\t\t\t\t<div class=\"text\">\n\t\t\t\t\t\t\t\t\t<p class=\"color-1\">Reservas<\/p> <a class=\"color-1\" href=\"tel:00351913615679\">913 615 679<\/a>\t\t\t\t\t\t\t\t<\/div>\n\t\t\t\t\t\t\t<\/div>\n\t\t\t\t\t\t\t\t\t\t\t\t\t\t\t\t\t\t\t\t\t<p><i class=\"ti-check\"><\/i><small>Call us, it's toll-free.<\/small><\/p>\n\t\t\t\t\t\t\t\t\t\t\t\t\t<\/div>\n\t\t\t\t\t\t<!-- Booking From -->\n\t\t\t\t\t\t<div class=\"col-md-5 offset-md-2\">\n\t\t\t\t\t\t\t\t\t\t\t\t\t<\/div>\n\t\t\t\t\t<\/div>\n\t\t\t\t<\/div>\n\t\t\t<\/div>\n\t\t<\/section>\n\n\t\t\n\t\t\t\t\t<\/div>\n\t\t\t\t<\/div>\n\t\t\t\t\t<\/div>\n\t\t<\/div>\n\t\t\t\t\t<\/div>\n\t\t<\/section>\n\t\t\t\t<section class=\"elementor-section elementor-top-section elementor-element elementor-element-c1673b0 elementor-section-full_width elementor-hidden-desktop elementor-hidden-tablet elementor-hidden-mobile elementor-section-height-default elementor-section-height-default\" data-id=\"c1673b0\" data-element_type=\"section\" data-e-type=\"section\">\n\t\t\t\t\t\t<div class=\"elementor-container elementor-column-gap-no\">\n\t\t\t\t\t<div class=\"elementor-column elementor-col-100 elementor-top-column elementor-element elementor-element-c0e4df7\" data-id=\"c0e4df7\" data-element_type=\"column\" data-e-type=\"column\">\n\t\t\t<div class=\"elementor-widget-wrap elementor-element-populated\">\n\t\t\t\t\t\t<div class=\"elementor-element elementor-element-35b64b1 elementor-align-left elementor-widget elementor-widget-home-client\" data-id=\"35b64b1\" data-element_type=\"widget\" data-e-type=\"widget\" data-widget_type=\"home-client.default\">\n\t\t\t\t<div class=\"elementor-widget-container\">\n\t\t\t\t\t\r\n\t\t<section class=\"clients\">\r\n\t\t\t<h2 style=\"display: none!important;\">The Cappa<\/h2>\r\n\t\t\t<div class=\"container\">\r\n\t\t\t\t<div class=\"row\">\r\n\t\t\t\t\t<div class=\"col-md-7 owl-carousel owl-theme\">\r\n\t\t\t\t\t\t\t\t\t\t\t\t\t<div class=\"clients-logo\">\r\n\t\t\t\t\t\t\t\t<a href=\"#0\"><img decoding=\"async\" src=\"https:\/\/shthemes.net\/demosd\/thecappawp\/wp-content\/uploads\/2022\/06\/1.png\" alt=\"\"><\/a>\r\n\t\t\t\t\t\t\t<\/div>\r\n\t\t\t\t\t\t\t\t\t\t\t\t\t<div class=\"clients-logo\">\r\n\t\t\t\t\t\t\t\t<a href=\"#0\"><img decoding=\"async\" src=\"https:\/\/shthemes.net\/demosd\/thecappawp\/wp-content\/uploads\/2022\/06\/2.png\" alt=\"\"><\/a>\r\n\t\t\t\t\t\t\t<\/div>\r\n\t\t\t\t\t\t\t\t\t\t\t\t\t<div class=\"clients-logo\">\r\n\t\t\t\t\t\t\t\t<a href=\"#0\"><img decoding=\"async\" src=\"https:\/\/shthemes.net\/demosd\/thecappawp\/wp-content\/uploads\/2022\/06\/3.png\" alt=\"\"><\/a>\r\n\t\t\t\t\t\t\t<\/div>\r\n\t\t\t\t\t\t\t\t\t\t\t\t\t<div class=\"clients-logo\">\r\n\t\t\t\t\t\t\t\t<a href=\"#0\"><img decoding=\"async\" src=\"https:\/\/shthemes.net\/demosd\/thecappawp\/wp-content\/uploads\/2022\/06\/4.png\" alt=\"\"><\/a>\r\n\t\t\t\t\t\t\t<\/div>\r\n\t\t\t\t\t\t\t\t\t\t\t\t\t<div class=\"clients-logo\">\r\n\t\t\t\t\t\t\t\t<a href=\"#0\"><img decoding=\"async\" src=\"https:\/\/shthemes.net\/demosd\/thecappawp\/wp-content\/uploads\/2022\/06\/5.png\" alt=\"\"><\/a>\r\n\t\t\t\t\t\t\t<\/div>\r\n\t\t\t\t\t\t\t\t\t\t\t\t\t<div class=\"clients-logo\">\r\n\t\t\t\t\t\t\t\t<a href=\"#0\"><img decoding=\"async\" src=\"https:\/\/shthemes.net\/demosd\/thecappawp\/wp-content\/uploads\/2022\/06\/6.png\" alt=\"\"><\/a>\r\n\t\t\t\t\t\t\t<\/div>\r\n\t\t\t\t\t\t\t\t\t\t\t<\/div>\r\n\t\t\t\t<\/div>\r\n\t\t\t<\/div>\r\n\t\t<\/section>\r\n\r\n\t\t\r\n\t\t\t\t\t<\/div>\n\t\t\t\t<\/div>\n\t\t\t\t\t<\/div>\n\t\t<\/div>\n\t\t\t\t\t<\/div>\n\t\t<\/section>\n\t\t\t\t<\/div>","protected":false},"excerpt":{"rendered":"<p>Get in touch Contact Us Ten for Tours Experience Portugal like never before. We invite every traveler to uncover the country\u2019s rich culture, history, and natural beauty through unique, comfortable, and unforgettable journeys. As a trusted leader in bespoke tourism, we craft authentic, memorable, and premium experiences tailored just for you. Reservation +351 913 615 [&hellip;]<\/p>\n","protected":false},"author":1,"featured_media":0,"parent":0,"menu_order":0,"comment_status":"closed","ping_status":"closed","template":"page-templates\/home.php","meta":{"footnotes":""},"class_list":["post-5769","page","type-page","status-publish","hentry"],"_links":{"self":[{"href":"https:\/\/tenfortours.com\/pt\/wp-json\/wp\/v2\/pages\/5769","targetHints":{"allow":["GET"]}}],"collection":[{"href":"https:\/\/tenfortours.com\/pt\/wp-json\/wp\/v2\/pages"}],"about":[{"href":"https:\/\/tenfortours.com\/pt\/wp-json\/wp\/v2\/types\/page"}],"author":[{"embeddable":true,"href":"https:\/\/tenfortours.com\/pt\/wp-json\/wp\/v2\/users\/1"}],"replies":[{"embeddable":true,"href":"https:\/\/tenfortours.com\/pt\/wp-json\/wp\/v2\/comments?post=5769"}],"version-history":[{"count":20,"href":"https:\/\/tenfortours.com\/pt\/wp-json\/wp\/v2\/pages\/5769\/revisions"}],"predecessor-version":[{"id":6145,"href":"https:\/\/tenfortours.com\/pt\/wp-json\/wp\/v2\/pages\/5769\/revisions\/6145"}],"wp:attachment":[{"href":"https:\/\/tenfortours.com\/pt\/wp-json\/wp\/v2\/media?parent=5769"}],"curies":[{"name":"wp","href":"https:\/\/api.w.org\/{rel}","templated":true}]}}