{"id":6061,"date":"2025-07-01T11:02:04","date_gmt":"2025-07-01T11:02:04","guid":{"rendered":"https:\/\/tenfortours.com\/?page_id=6061"},"modified":"2025-07-13T07:13:27","modified_gmt":"2025-07-13T07:13:27","slug":"vip-experience-porto-lisbon-with-3-stops-and-return-to-porto","status":"publish","type":"page","link":"https:\/\/tenfortours.com\/pt\/vip-experience\/vip-experience-porto-lisbon-with-3-stops-and-return-to-porto\/","title":{"rendered":"Experi\u00eancia VIP: Porto \u21c4 Lisboa com\n3 Paragens e Regresso ao Porto"},"content":{"rendered":"<div data-elementor-type=\"wp-page\" data-elementor-id=\"6061\" class=\"elementor elementor-6061\" data-elementor-post-type=\"page\">\n\t\t\t\t\t\t<section class=\"elementor-section elementor-top-section elementor-element elementor-element-199bde5 elementor-section-full_width elementor-section-height-default elementor-section-height-default\" data-id=\"199bde5\" data-element_type=\"section\" data-e-type=\"section\">\n\t\t\t\t\t\t<div class=\"elementor-container elementor-column-gap-no\">\n\t\t\t\t\t<div class=\"elementor-column elementor-col-100 elementor-top-column elementor-element elementor-element-a9b8ebf\" data-id=\"a9b8ebf\" data-element_type=\"column\" data-e-type=\"column\">\n\t\t\t<div class=\"elementor-widget-wrap elementor-element-populated\">\n\t\t\t\t\t\t<div class=\"elementor-element elementor-element-6e22834 elementor-align-left elementor-widget elementor-widget-pages-restaurant-banner\" data-id=\"6e22834\" data-element_type=\"widget\" data-e-type=\"widget\" data-widget_type=\"pages-restaurant-banner.default\">\n\t\t\t\t<div class=\"elementor-widget-container\">\n\t\t\t\t\t\r\n\t\t<header class=\"header slider\">\r\n\t\t\t<div class=\"owl-carousel owl-theme\">\r\n\t\t\t\t<!-- The opacity on the image is made with \"data-overlay-dark=\"number\". You can change it using the numbers 0-9. -->\r\n\t\t\t\t\t\t\t\t\t\t\t\t\t\t\t<div class=\"text-center item bg-img\" data-overlay-dark=\"3\" data-background=\"https:\/\/tenfortours.com\/wp-content\/uploads\/2025\/06\/TFT-25_Web_Porto-Lisboa_Privado_02-A.jpg\"><\/div>\r\n\t\t\t\t\t\t\t\t\t\t\t\t<\/div>\r\n\t\t\t<!-- arrow down -->\r\n\t\t\t<div class=\"arrow bounce text-center\">\r\n\t\t\t\t<a href=\"#\" data-scroll-nav=\"1\" class=\"\"> <i class=\"ti-arrow-down\"><\/i> <\/a>\r\n\t\t\t<\/div>\r\n\t\t<\/header>\r\n\r\n\t\t\r\n\t\t\t\t\t<\/div>\n\t\t\t\t<\/div>\n\t\t\t\t\t<\/div>\n\t\t<\/div>\n\t\t\t\t\t<\/div>\n\t\t<\/section>\n\t\t\t\t<section class=\"elementor-section elementor-top-section elementor-element elementor-element-f75261f elementor-section-full_width elementor-section-height-default elementor-section-height-default\" data-id=\"f75261f\" data-element_type=\"section\" data-e-type=\"section\">\n\t\t\t\t\t\t<div class=\"elementor-container elementor-column-gap-no\">\n\t\t\t\t\t<div class=\"elementor-column elementor-col-100 elementor-top-column elementor-element elementor-element-003bdf4\" data-id=\"003bdf4\" data-element_type=\"column\" data-e-type=\"column\">\n\t\t\t<div class=\"elementor-widget-wrap elementor-element-populated\">\n\t\t\t\t\t\t<div class=\"elementor-element elementor-element-b9f6e29 elementor-align-left elementor-widget elementor-widget-pages-restaurant-content\" data-id=\"b9f6e29\" data-element_type=\"widget\" data-e-type=\"widget\" data-widget_type=\"pages-restaurant-content.default\">\n\t\t\t\t<div class=\"elementor-widget-container\">\n\t\t\t\t\t\n\t\t<section class=\"rooms-page section-padding\" data-scroll-index=\"1\">\n\t\t\t<div class=\"container\">\n\t\t\t\t<div class=\"row\">\n\t\t\t\t\t<div class=\"col-md-12 text-left\"> \n\t\t\t\t\t\t\t\t\t\t\t\t<span>\n\t\t\t\t\t\t\t\t\t\t\t\t\t\t\t<i class=\"star-rating\"><\/i>\n\t\t\t\t\t\t\t\t<i class=\"star-rating\"><\/i>\n\t\t\t\t\t\t\t\t<i class=\"star-rating\"><\/i>\n\t\t\t\t\t\t\t\t<i class=\"star-rating\"><\/i>\n\t\t\t\t\t\t\t\t<i class=\"star-rating\"><\/i>\n\t\t\t\t\t\t\t\t\t\t\t\t\t<\/span>\n\t\t\t\t\t\t\t\t\t\t\t\t\t\t\t\t\t\t\t<div class=\"section-subtitle\">TEN FOR TOURS<\/div>\n\t\t\t\t\t\t\t\t\t\t\t\t\t\t\t\t\t\t\t<div class=\"section-title\">Experi\u00eancia VIP: Porto \u21c4 Lisboa com\n3 Paragens e Regresso ao Porto<\/div>\n\t\t\t\t\t\t\t\t\t\t\t<\/div>\n\t\t\t\t\t<div class=\"col-md-12\">\n\t\t\t\t\t\t\t\t\t\t\t\t<p class=\"mb-30\">Perfeito para pequenos grupos,\nfam\u00edlias, ou viajantes exigentes que\ndesejam explorar Portugal com\nconforto e estilo, com regresso\ngarantido ao Porto e uma experi\u00eancia\nsem preocupa\u00e7\u00f5es. Explora\u00e7\u00e3o\npersonalizada e conforto total Viaje\nentre o Porto e Lisboa num ambiente\nexclusivo e confort\u00e1vel com 3\nparagens personalizadas ao longo do\npercurso e regresse ao Porto no final\ndo dia. Este tour privado foi\nconcebido para aqueles que querem\nexplorar o melhor de Portugal com\num itiner\u00e1rio flex\u00edvel, adaptado aos\nseus interesses, tudo num\ntransporte de luxo.<\/p>\n\n<h6>Inclui<\/h6>\n<ul class=\"list-unstyled page-list mb-30\">\n \t<li>\n<div class=\"page-list-icon\"><span class=\"ti-check\"><\/span><\/div>\n<div class=\"page-list-text\">\nTransporte num ve\u00edculo de luxo\npremium com motorista profissional<\/li>\n \t<li>\n<div class=\"page-list-icon\"><span class=\"ti-check\"><\/span><\/div>\n<div class=\"page-list-text\">\n\nGuia exclusivo durante a viagem,\noferecendo informa\u00e7\u00f5es sobre os\nprincipais pontos de interesse ao\nlongo do caminho\n<\/div><\/li>\n \t<li>\n<div class=\"page-list-icon\"><span class=\"ti-check\"><\/span><\/div>\n<div class=\"page-list-text\">\n\nParagens em locais hist\u00f3ricos,\nculturais ou paisag\u00edsticos (por\nexemplo, Coimbra, F\u00e1tima, \u00d3bidos,\nNazar\u00e9, etc.)\n\n<\/div><\/li>\n \t<li>\n<div class=\"page-list-icon\"><span class=\"ti-check\"><\/span><\/div>\n<div class=\"page-list-text\">\n\nFlexibilidade para ajustar o itiner\u00e1rio\ncom base nos seus interesses\n\n<\/div><\/li>\n \t<li>\n<div class=\"page-list-icon\"><span class=\"ti-check\"><\/span><\/div>\n<div class=\"page-list-text\">\n\nServi\u00e7o totalmente privado e\npersonalizado\n<\/div><\/li>\n \t<li>\n<div class=\"page-list-icon\"><span class=\"ti-check\"><\/span><\/div>\n<div class=\"page-list-text\">\n\nGarrafa de \u00e1gua por h\u00f3spede para conforto durante a viagem\n<\/div><\/li>\n \t<li>\n<div class=\"page-list-icon\"><span class=\"ti-check\"><\/span><\/div>\n<div class=\"page-list-text\">\n\nAlmo\u00e7o n\u00e3o inclu\u00eddo, mas o guia\npode recomendar lugares para\ncomer durante o seu tempo livre\n<\/div><\/li>\n<\/ul>\n\n\n\n<h6>Pre\u00e7o <\/h6>\n<ul class=\"list-unstyled page-list mb-30\">\n\t<li>\n\t\t<div class=\"page-list-text\">\n\t\t\t<p>1 a 4 pessoas: \u20ac 700<\/p>\n\t\t<\/div>\n\t<\/li>\n\t<li>\n\t\t<div class=\"page-list-text\">\n\t\t\t<p>5 a 7 pessoas: \u20ac 800<\/p>\n\t\t<\/div>\n\t<\/li>\n<\/ul>\n<h6>Comodidades<\/h6>\n<ul class=\"list-unstyled page-list mb-30\">\n    <li>\n        <div class=\"page-list-icon\"> <span class=\"flaticon-group\"><\/span> <\/div>\n        <div class=\"page-list-text\">\n            <p>Faixa et\u00e1ria: 0-99<\/p>\n        <\/div>\n    <\/li>\n    <li>\n        <div class=\"page-list-icon\"> <span class=\"flaticon-clock-1\"><\/span> <\/div>\n        <div class=\"page-list-text\">\n            <p>Dura\u00e7\u00e3o: Dia inteiro<\/p>\n        <\/div>\n    <\/li>\n    <li>\n        <div class=\"page-list-icon\"> <span class=\"flaticon-world\"><\/span> <\/div>\n        <div class=\"page-list-text\">\n            <p>Guia presencial: Portugu\u00eas, Ingl\u00eas, Espanhol<\/p>\n        <\/div>\n    <\/li>\n<\/ul>\n<div class=\"col-md-12\">\n<div class=\"butn-dark mt-15 mb-30\"><a href=\"https:\/\/tenfortours.com\/pt\/contact-us\/\"><span>Marque j\u00e1<\/span><\/a><\/div>\n<\/div>\n\t\t\t\t\t\t\t\t\t\t\t\t<ul class=\"list-unstyled page-list mb-30\">\n\t\t\t\t\t\t\t\t\t\t\t\t\t<\/ul>\n\t\t\t\t\t<\/div>\n\t\t\t\t<\/div>\n\t\t\t<\/div>\n\t\t<\/section>\n\n\t\t\t\t\t<\/div>\n\t\t\t\t<\/div>\n\t\t\t\t\t<\/div>\n\t\t<\/div>\n\t\t\t\t\t<\/div>\n\t\t<\/section>\n\t\t\t\t<\/div>","protected":false},"excerpt":{"rendered":"<p>TEN FOR TOURS VIP Experience: Porto \u21c4 Lisbon with 3 Stops and Return to Porto Perfect for small groups, families, or discerning travelers who wish to explore Portugal in comfort and style, with a guaranteed return to Porto and a worry-free experience. Personalized Exploration and Full Comfort Travel between Porto and Lisbon in an exclusive, [&hellip;]<\/p>\n","protected":false},"author":1,"featured_media":0,"parent":2209,"menu_order":0,"comment_status":"closed","ping_status":"closed","template":"page-templates\/home.php","meta":{"footnotes":""},"class_list":["post-6061","page","type-page","status-publish","hentry"],"_links":{"self":[{"href":"https:\/\/tenfortours.com\/pt\/wp-json\/wp\/v2\/pages\/6061","targetHints":{"allow":["GET"]}}],"collection":[{"href":"https:\/\/tenfortours.com\/pt\/wp-json\/wp\/v2\/pages"}],"about":[{"href":"https:\/\/tenfortours.com\/pt\/wp-json\/wp\/v2\/types\/page"}],"author":[{"embeddable":true,"href":"https:\/\/tenfortours.com\/pt\/wp-json\/wp\/v2\/users\/1"}],"replies":[{"embeddable":true,"href":"https:\/\/tenfortours.com\/pt\/wp-json\/wp\/v2\/comments?post=6061"}],"version-history":[{"count":10,"href":"https:\/\/tenfortours.com\/pt\/wp-json\/wp\/v2\/pages\/6061\/revisions"}],"predecessor-version":[{"id":6323,"href":"https:\/\/tenfortours.com\/pt\/wp-json\/wp\/v2\/pages\/6061\/revisions\/6323"}],"up":[{"embeddable":true,"href":"https:\/\/tenfortours.com\/pt\/wp-json\/wp\/v2\/pages\/2209"}],"wp:attachment":[{"href":"https:\/\/tenfortours.com\/pt\/wp-json\/wp\/v2\/media?parent=6061"}],"curies":[{"name":"wp","href":"https:\/\/api.w.org\/{rel}","templated":true}]}}