{"id":6215,"date":"2025-07-11T16:06:41","date_gmt":"2025-07-11T16:06:41","guid":{"rendered":"https:\/\/tenfortours.com\/?page_id=6215"},"modified":"2025-07-14T10:46:00","modified_gmt":"2025-07-14T10:46:00","slug":"vip-experience-porto-city-tour","status":"publish","type":"page","link":"https:\/\/tenfortours.com\/pt\/vip-experience\/vip-experience-porto-city-tour\/","title":{"rendered":"Experi\u00eancia VIP: Porto City Tour"},"content":{"rendered":"<div data-elementor-type=\"wp-page\" data-elementor-id=\"6215\" class=\"elementor elementor-6215\" data-elementor-post-type=\"page\">\n\t\t\t\t\t\t<section class=\"elementor-section elementor-top-section elementor-element elementor-element-199bde5 elementor-section-full_width elementor-section-height-default elementor-section-height-default\" data-id=\"199bde5\" data-element_type=\"section\" data-e-type=\"section\">\n\t\t\t\t\t\t<div class=\"elementor-container elementor-column-gap-no\">\n\t\t\t\t\t<div class=\"elementor-column elementor-col-100 elementor-top-column elementor-element elementor-element-a9b8ebf\" data-id=\"a9b8ebf\" data-element_type=\"column\" data-e-type=\"column\">\n\t\t\t<div class=\"elementor-widget-wrap elementor-element-populated\">\n\t\t\t\t\t\t<div class=\"elementor-element elementor-element-6e22834 elementor-align-left elementor-widget elementor-widget-pages-restaurant-banner\" data-id=\"6e22834\" data-element_type=\"widget\" data-e-type=\"widget\" data-widget_type=\"pages-restaurant-banner.default\">\n\t\t\t\t<div class=\"elementor-widget-container\">\n\t\t\t\t\t\r\n\t\t<header class=\"header slider\">\r\n\t\t\t<div class=\"owl-carousel owl-theme\">\r\n\t\t\t\t<!-- The opacity on the image is made with \"data-overlay-dark=\"number\". You can change it using the numbers 0-9. -->\r\n\t\t\t\t\t\t\t\t\t\t\t\t\t\t\t<div class=\"text-center item bg-img\" data-overlay-dark=\"3\" data-background=\"https:\/\/tenfortours.com\/wp-content\/uploads\/2025\/07\/TFT-25_Web_PortoCityTour_02-B.jpg\"><\/div>\r\n\t\t\t\t\t\t\t\t\t\t\t\t\t\t\t\t\t\t\t\t<div class=\"text-center item bg-img\" data-overlay-dark=\"3\" data-background=\"https:\/\/tenfortours.com\/wp-content\/uploads\/2025\/07\/TFT-25_Web_PortoCityTour_02-A.jpg\"><\/div>\r\n\t\t\t\t\t\t\t\t\t\t\t\t\t\t\t\t\t\t\t\t<div class=\"text-center item bg-img\" data-overlay-dark=\"3\" data-background=\"https:\/\/tenfortours.com\/wp-content\/uploads\/2025\/07\/TFT-25_Web_PortoCityTour_01.jpg\"><\/div>\r\n\t\t\t\t\t\t\t\t\t\t\t\t<\/div>\r\n\t\t\t<!-- arrow down -->\r\n\t\t\t<div class=\"arrow bounce text-center\">\r\n\t\t\t\t<a href=\"#\" data-scroll-nav=\"1\" class=\"\"> <i class=\"ti-arrow-down\"><\/i> <\/a>\r\n\t\t\t<\/div>\r\n\t\t<\/header>\r\n\r\n\t\t\r\n\t\t\t\t\t<\/div>\n\t\t\t\t<\/div>\n\t\t\t\t\t<\/div>\n\t\t<\/div>\n\t\t\t\t\t<\/div>\n\t\t<\/section>\n\t\t\t\t<section class=\"elementor-section elementor-top-section elementor-element elementor-element-f75261f elementor-section-full_width elementor-section-height-default elementor-section-height-default\" data-id=\"f75261f\" data-element_type=\"section\" data-e-type=\"section\">\n\t\t\t\t\t\t<div class=\"elementor-container elementor-column-gap-no\">\n\t\t\t\t\t<div class=\"elementor-column elementor-col-100 elementor-top-column elementor-element elementor-element-003bdf4\" data-id=\"003bdf4\" data-element_type=\"column\" data-e-type=\"column\">\n\t\t\t<div class=\"elementor-widget-wrap elementor-element-populated\">\n\t\t\t\t\t\t<div class=\"elementor-element elementor-element-b9f6e29 elementor-align-left elementor-widget elementor-widget-pages-restaurant-content\" data-id=\"b9f6e29\" data-element_type=\"widget\" data-e-type=\"widget\" data-widget_type=\"pages-restaurant-content.default\">\n\t\t\t\t<div class=\"elementor-widget-container\">\n\t\t\t\t\t\n\t\t<section class=\"rooms-page section-padding\" data-scroll-index=\"1\">\n\t\t\t<div class=\"container\">\n\t\t\t\t<div class=\"row\">\n\t\t\t\t\t<div class=\"col-md-12 text-left\"> \n\t\t\t\t\t\t\t\t\t\t\t\t<span>\n\t\t\t\t\t\t\t\t\t\t\t\t\t\t\t<i class=\"star-rating\"><\/i>\n\t\t\t\t\t\t\t\t<i class=\"star-rating\"><\/i>\n\t\t\t\t\t\t\t\t<i class=\"star-rating\"><\/i>\n\t\t\t\t\t\t\t\t<i class=\"star-rating\"><\/i>\n\t\t\t\t\t\t\t\t<i class=\"star-rating\"><\/i>\n\t\t\t\t\t\t\t\t\t\t\t\t\t<\/span>\n\t\t\t\t\t\t\t\t\t\t\t\t\t\t\t\t\t\t\t<div class=\"section-subtitle\">TEN FOR TOURS<\/div>\n\t\t\t\t\t\t\t\t\t\t\t\t\t\t\t\t\t\t\t<div class=\"section-title\">Experi\u00eancia VIP: Porto City Tour<\/div>\n\t\t\t\t\t\t\t\t\t\t\t<\/div>\n\t\t\t\t\t<div class=\"col-md-12\">\n\t\t\t\t\t\t\t\t\t\t\t\t<p class=\"mb-30\">Descubra os encantos do Porto\nnuma visita privada que se adapta ao\nseu ritmo e interesses. Partindo\ndiretamente do seu alojamento, esta\nexperi\u00eancia combina os principais\nlocais hist\u00f3ricos, vistas\npanor\u00e2micas e a aut\u00eantica alma do\nPorto - tudo acompanhado por um\nguia profissional e um ve\u00edculo\npremium.<\/p>\n\n<h6>Inclui<\/h6>\n<ul class=\"list-unstyled page-list mb-30\">\n \t<li>\n<div class=\"page-list-icon\"><span class=\"ti-check\"><\/span><\/div>\n<div class=\"page-list-text\">\nPick-up e drop-ou no seu alojamento\n(Porto, Gaia ou Matosinhos)<\/li>\n \t<li>\n<div class=\"page-list-icon\"><span class=\"ti-check\"><\/span><\/div>\n<div class=\"page-list-text\">\n\nTransporte num ve\u00edculo confort\u00e1vel\ne com ar condicionado (ex.\nMercedes)<\/div><\/li>\n \t<li>\n<div class=\"page-list-icon\"><span class=\"ti-check\"><\/span><\/div>\n<div class=\"page-list-text\">\n\nGuia profissional exclusivo\n<\/div><\/li>\n \t<li>\n<div class=\"page-list-icon\"><span class=\"ti-check\"><\/span><\/div>\n<div class=\"page-list-text\">\n\nItiner\u00e1rio personalizado e flex\u00edvel\n<\/div><\/li>\n \t<li>\n<div class=\"page-list-icon\"><span class=\"ti-check\"><\/span><\/div>\n<div class=\"page-list-text\">\n\nVisita a locais emblem\u00e1ticos como:\n<\/div><\/li>\n<ul>\n<li>\n<div style=\"padding-left:35px;padding-top:10px\">\n1. S\u00e9 Catedral do Porto\n<\/div>\n<\/li>\n<li>\n<div style=\"padding-left:35px\">\n2. Esta\u00e7\u00e3o de S\u00e3o Bento\n<\/div>\n<\/li>\n<li>\n<div style=\"padding-left:35px\">\n3. Livraria Lello (entrada exterior ou\nopcional)\n<\/div>\n<\/li>\n<li>\n<div style=\"padding-left:35px\">\n4. Cl\u00e9rigos\n<\/div>\n<\/li>\n<li>\n<div style=\"padding-left:35px\">\n5. Torre da Ribeira e Ponte Lu\u00eds I\n<\/div>\n<\/li>\n<li>\n<div style=\"padding-left:35px;padding-bottom:10px\">\n6. Miradouros sobre o Douro, Bairro\nda Foz (zona costeira), se o tempo o\npermitir\n<\/div>\n<\/li>\n<\/ul>\n \t<li>\n<div class=\"page-list-icon\"><span class=\"ti-check\"><\/span><\/div>\n<div class=\"page-list-text\">\n\nTempo livre para fotos, passeio ou\ncompras\n<\/div><\/li>\n \t<li>\n<div class=\"page-list-icon\"><span class=\"ti-check\"><\/span><\/div>\n<div class=\"page-list-text\">\n\n\u00c1gua a bordo<\/div><\/li>\n<\/ul>\n<h6>N\u00e3o inclui<\/h6>\n<ul class=\"list-unstyled page-list mb-30\">\n\t<li>\n<div class=\"page-list-icon\"><span class=\"ti-check\"><\/span><\/div>\n<div class=\"page-list-text\">\n\t\t\t<p>Entradas nos monumentos<\/p>\n\t\t<\/div>\n\t<\/li>\n\t<li>\n<div class=\"page-list-icon\"><span class=\"ti-check\"><\/span><\/div>\n<div class=\"page-list-text\">\n\t\t\t<p>Refei\u00e7\u00f5es<\/p>\n\t\t<\/div>\n\t<\/li>\n\t<li>\n<div class=\"page-list-icon\"><span class=\"ti-check\"><\/span><\/div>\n<div class=\"page-list-text\">\n\t\t\t<p>Visita a uma adega e prova de vinhos\n(opcional a pedido)<\/p>\n\t\t<\/div>\n\t<\/li>\n<\/ul>\n\n\n\n<h6>Pre\u00e7o por grupo<\/h6>\n<ul class=\"list-unstyled page-list mb-30\">\n\t<li>\n\t\t<div class=\"page-list-text\">\n\t\t\t<p>Meio-dia (4 horas)<\/p>\n<p style=\"padding-left:10px\">1 a 3 pessoas: 320 \u20ac no total<\/p>\n<p style=\"padding-left:10px\">4 a 7 pessoas: 380 \u20ac no total<\/p>\n              <\/div>\n\t<\/li>\n<\/ul>\n<ul class=\"list-unstyled page-list mb-30\">\n\t<li>\n\t\t<div class=\"page-list-text\">\n\t\t\t<p>Dia inteiro (8 horas)<\/p>\n<p style=\"padding-left:10px\">1 a 3 pessoas: 480 \u20ac no total<\/p>\n<p style=\"padding-left:10px\">4 a 7 pessoas: 580 \u20ac no total<\/p>\n\t\t<\/div>\n\t<\/li>\n<\/ul>\n<div class=\"col-md-12\">\n<div class=\"butn-dark mt-15 mb-30\"><a href=\"https:\/\/tenfortours.com\/pt\/contact-us\/\"><span>Marque j\u00e1<\/span><\/a><\/div>\n<\/div>\n\t\t\t\t\t\t\t\t\t\t\t\t<ul class=\"list-unstyled page-list mb-30\">\n\t\t\t\t\t\t\t\t\t\t\t\t\t<\/ul>\n\t\t\t\t\t<\/div>\n\t\t\t\t<\/div>\n\t\t\t<\/div>\n\t\t<\/section>\n\n\t\t\t\t\t<\/div>\n\t\t\t\t<\/div>\n\t\t\t\t\t<\/div>\n\t\t<\/div>\n\t\t\t\t\t<\/div>\n\t\t<\/section>\n\t\t\t\t<\/div>","protected":false},"excerpt":{"rendered":"<p>TEN FOR TOURS VIP Experience: Porto City Tour Discover the charms of Porto on a private tour that adapts to your pace and interests. Departing directly from your accommodation, this experience combines the main historical sites, panoramic views and the authentic soul of Porto &#8211; all accompanied by a professional guide and premium vehicle. What\u2019s [&hellip;]<\/p>\n","protected":false},"author":1,"featured_media":0,"parent":2209,"menu_order":0,"comment_status":"closed","ping_status":"closed","template":"page-templates\/home.php","meta":{"footnotes":""},"class_list":["post-6215","page","type-page","status-publish","hentry"],"_links":{"self":[{"href":"https:\/\/tenfortours.com\/pt\/wp-json\/wp\/v2\/pages\/6215","targetHints":{"allow":["GET"]}}],"collection":[{"href":"https:\/\/tenfortours.com\/pt\/wp-json\/wp\/v2\/pages"}],"about":[{"href":"https:\/\/tenfortours.com\/pt\/wp-json\/wp\/v2\/types\/page"}],"author":[{"embeddable":true,"href":"https:\/\/tenfortours.com\/pt\/wp-json\/wp\/v2\/users\/1"}],"replies":[{"embeddable":true,"href":"https:\/\/tenfortours.com\/pt\/wp-json\/wp\/v2\/comments?post=6215"}],"version-history":[{"count":10,"href":"https:\/\/tenfortours.com\/pt\/wp-json\/wp\/v2\/pages\/6215\/revisions"}],"predecessor-version":[{"id":6388,"href":"https:\/\/tenfortours.com\/pt\/wp-json\/wp\/v2\/pages\/6215\/revisions\/6388"}],"up":[{"embeddable":true,"href":"https:\/\/tenfortours.com\/pt\/wp-json\/wp\/v2\/pages\/2209"}],"wp:attachment":[{"href":"https:\/\/tenfortours.com\/pt\/wp-json\/wp\/v2\/media?parent=6215"}],"curies":[{"name":"wp","href":"https:\/\/api.w.org\/{rel}","templated":true}]}}