{"id":6256,"date":"2025-07-11T17:45:49","date_gmt":"2025-07-11T17:45:49","guid":{"rendered":"https:\/\/tenfortours.com\/?page_id=6256"},"modified":"2025-07-14T11:02:00","modified_gmt":"2025-07-14T11:02:00","slug":"vip-experience-private-tour-to-peneda-geres-national-park","status":"publish","type":"page","link":"https:\/\/tenfortours.com\/pt\/vip-experience\/vip-experience-private-tour-to-peneda-geres-national-park\/","title":{"rendered":"Experi\u00eancia VIP: Tour Privado ao\nParque Nacional da Peneda-Ger\u00eas"},"content":{"rendered":"<div data-elementor-type=\"wp-page\" data-elementor-id=\"6256\" class=\"elementor elementor-6256\" data-elementor-post-type=\"page\">\n\t\t\t\t\t\t<section class=\"elementor-section elementor-top-section elementor-element elementor-element-199bde5 elementor-section-full_width elementor-section-height-default elementor-section-height-default\" data-id=\"199bde5\" data-element_type=\"section\" data-e-type=\"section\">\n\t\t\t\t\t\t<div class=\"elementor-container elementor-column-gap-no\">\n\t\t\t\t\t<div class=\"elementor-column elementor-col-100 elementor-top-column elementor-element elementor-element-a9b8ebf\" data-id=\"a9b8ebf\" data-element_type=\"column\" data-e-type=\"column\">\n\t\t\t<div class=\"elementor-widget-wrap elementor-element-populated\">\n\t\t\t\t\t\t<div class=\"elementor-element elementor-element-6e22834 elementor-align-left elementor-widget elementor-widget-pages-restaurant-banner\" data-id=\"6e22834\" data-element_type=\"widget\" data-e-type=\"widget\" data-widget_type=\"pages-restaurant-banner.default\">\n\t\t\t\t<div class=\"elementor-widget-container\">\n\t\t\t\t\t\r\n\t\t<header class=\"header slider\">\r\n\t\t\t<div class=\"owl-carousel owl-theme\">\r\n\t\t\t\t<!-- The opacity on the image is made with \"data-overlay-dark=\"number\". You can change it using the numbers 0-9. -->\r\n\t\t\t\t\t\t\t\t\t\t\t\t\t\t\t<div class=\"text-center item bg-img\" data-overlay-dark=\"3\" data-background=\"https:\/\/tenfortours.com\/wp-content\/uploads\/2025\/07\/TFT-25_Web_PenedaGeres_02-B.jpg\"><\/div>\r\n\t\t\t\t\t\t\t\t\t\t\t\t\t\t\t\t\t\t\t\t<div class=\"text-center item bg-img\" data-overlay-dark=\"3\" data-background=\"https:\/\/tenfortours.com\/wp-content\/uploads\/2025\/07\/TFT-25_Web_PenedaGeres_02-C.jpg\"><\/div>\r\n\t\t\t\t\t\t\t\t\t\t\t\t\t\t\t\t\t\t\t\t<div class=\"text-center item bg-img\" data-overlay-dark=\"3\" data-background=\"https:\/\/tenfortours.com\/wp-content\/uploads\/2025\/07\/TFT-25_Web_PenedaGeres_02-A.jpg\"><\/div>\r\n\t\t\t\t\t\t\t\t\t\t\t\t\t\t\t\t\t\t\t\t<div class=\"text-center item bg-img\" data-overlay-dark=\"3\" data-background=\"https:\/\/tenfortours.com\/wp-content\/uploads\/2025\/07\/TFT-25_Web_PenedaGeres_01.jpg\"><\/div>\r\n\t\t\t\t\t\t\t\t\t\t\t\t<\/div>\r\n\t\t\t<!-- arrow down -->\r\n\t\t\t<div class=\"arrow bounce text-center\">\r\n\t\t\t\t<a href=\"#\" data-scroll-nav=\"1\" class=\"\"> <i class=\"ti-arrow-down\"><\/i> <\/a>\r\n\t\t\t<\/div>\r\n\t\t<\/header>\r\n\r\n\t\t\r\n\t\t\t\t\t<\/div>\n\t\t\t\t<\/div>\n\t\t\t\t\t<\/div>\n\t\t<\/div>\n\t\t\t\t\t<\/div>\n\t\t<\/section>\n\t\t\t\t<section class=\"elementor-section elementor-top-section elementor-element elementor-element-f75261f elementor-section-full_width elementor-section-height-default elementor-section-height-default\" data-id=\"f75261f\" data-element_type=\"section\" data-e-type=\"section\">\n\t\t\t\t\t\t<div class=\"elementor-container elementor-column-gap-no\">\n\t\t\t\t\t<div class=\"elementor-column elementor-col-100 elementor-top-column elementor-element elementor-element-003bdf4\" data-id=\"003bdf4\" data-element_type=\"column\" data-e-type=\"column\">\n\t\t\t<div class=\"elementor-widget-wrap elementor-element-populated\">\n\t\t\t\t\t\t<div class=\"elementor-element elementor-element-b9f6e29 elementor-align-left elementor-widget elementor-widget-pages-restaurant-content\" data-id=\"b9f6e29\" data-element_type=\"widget\" data-e-type=\"widget\" data-widget_type=\"pages-restaurant-content.default\">\n\t\t\t\t<div class=\"elementor-widget-container\">\n\t\t\t\t\t\n\t\t<section class=\"rooms-page section-padding\" data-scroll-index=\"1\">\n\t\t\t<div class=\"container\">\n\t\t\t\t<div class=\"row\">\n\t\t\t\t\t<div class=\"col-md-12 text-left\"> \n\t\t\t\t\t\t\t\t\t\t\t\t<span>\n\t\t\t\t\t\t\t\t\t\t\t\t\t\t\t<i class=\"star-rating\"><\/i>\n\t\t\t\t\t\t\t\t<i class=\"star-rating\"><\/i>\n\t\t\t\t\t\t\t\t<i class=\"star-rating\"><\/i>\n\t\t\t\t\t\t\t\t<i class=\"star-rating\"><\/i>\n\t\t\t\t\t\t\t\t<i class=\"star-rating\"><\/i>\n\t\t\t\t\t\t\t\t\t\t\t\t\t<\/span>\n\t\t\t\t\t\t\t\t\t\t\t\t\t\t\t\t\t\t\t<div class=\"section-subtitle\">TEN FOR TOURS<\/div>\n\t\t\t\t\t\t\t\t\t\t\t\t\t\t\t\t\t\t\t<div class=\"section-title\">Experi\u00eancia VIP: Tour Privado ao\nParque Nacional da Peneda-Ger\u00eas<\/div>\n\t\t\t\t\t\t\t\t\t\t\t<\/div>\n\t\t\t\t\t<div class=\"col-md-12\">\n\t\t\t\t\t\t\t\t\t\t\t\t<p class=\"mb-30\">Explore o \u00fanico parque nacional de\nPortugal com um guia especializado.\nDesfrute de passeios por trilhos\nnaturais, visite aldeias t\u00edpicas,\ncascatas e miradouros incr\u00edveis,\nnum dia cheio de natureza e\naventura.<\/p>\n\n<h6>Dura\u00e7\u00e3o<\/h6>\n<ul class=\"list-unstyled page-list mb-30\">\n \t<li>\n<div class=\"page-list-icon\"><span class=\"ti-check\"><\/span><\/div>\n<div class=\"page-list-text\">\nDia inteiro (cerca de 8 horas)<\/li>\n<\/ul>\n\n<h6>Itiner\u00e1rio (exemplo)<\/h6>\n<ul class=\"list-unstyled page-list mb-30\">\n \t<li>\n<div class=\"page-list-icon\"><span class=\"ti-check\"><\/span><\/div>\n<div class=\"page-list-text\">\nCaminhadas em trilhos\nselecionados no parque<\/li>\n \t<li>\n<div class=\"page-list-icon\"><span class=\"ti-check\"><\/span><\/div>\n<div class=\"page-list-text\">\n\nVisita a aldeias tradicionais com\ncultura e arquitetura t\u00edpicas<\/div><\/li>\n \t<li>\n<div class=\"page-list-icon\"><span class=\"ti-check\"><\/span><\/div>\n<div class=\"page-list-text\">\n\nParagem em cascatas e pontos de\ninteresse natural<\/div><\/li>\n \t<li>\n<div class=\"page-list-icon\"><span class=\"ti-check\"><\/span><\/div>\n<div class=\"page-list-text\">\n\nParagem em miradouros panor\u00e2micos para apreciar a paisagem deslumbrante.<\/div><\/li>\n<\/ul>\n\n\n<h6>Inclui<\/h6>\n<ul class=\"list-unstyled page-list mb-30\">\n \t<li>\n<div class=\"page-list-icon\"><span class=\"ti-check\"><\/span><\/div>\n<div class=\"page-list-text\">\nPick-up e drop-ou no seu alojamento\n(Porto, Gaia ou Matosinhos)<\/li>\n \t<li>\n<div class=\"page-list-icon\"><span class=\"ti-check\"><\/span><\/div>\n<div class=\"page-list-text\">\n\nTransporte num ve\u00edculo confort\u00e1vel\ne com ar condicionado (ex.\nMercedes)\n<\/div><\/li>\n \t<li>\n<div class=\"page-list-icon\"><span class=\"ti-check\"><\/span><\/div>\n<div class=\"page-list-text\">\n\nGuia profissional privado durante\ntodo o dia<\/div><\/li>\n \t<li>\n<div class=\"page-list-icon\"><span class=\"ti-check\"><\/span><\/div>\n<div class=\"page-list-text\">\n\n\u00c1gua a bordo<\/div><\/li>\n<\/ul>\n<h6>N\u00e3o inclui<\/h6>\n<ul class=\"list-unstyled page-list mb-30\">\n\t<li>\n<div class=\"page-list-icon\"><span class=\"ti-check\"><\/span><\/div>\n<div class=\"page-list-text\">\n\t\t\t<p>Refei\u00e7\u00f5es e taxas de entrada em\natrac\u00e7\u00f5es (se aplic\u00e1vel)<\/p>\n\t\t<\/div>\n\t<\/li>\n<\/ul>\n\n\n\n<h6>Pre\u00e7os<\/h6>\n<ul class=\"list-unstyled page-list mb-30\">\n\t<li>\n\t\t<div class=\"page-list-text\">\n\t\t\t<p>1 a 3 pessoas: \u20ac400 total<\/p>\n\t<\/li>\n\t<li>\n\t\t<div class=\"page-list-text\">\n\t\t\t<p>4 a 7 pessoas: \u20ac480 total<\/p>\n\t<\/li>\n<\/ul>\n<div class=\"col-md-12\">\n<div class=\"butn-dark mt-15 mb-30\"><a href=\"https:\/\/tenfortours.com\/pt\/contact-us\/\"><span>Marque j\u00e1<\/span><\/a><\/div>\n<\/div>\n\t\t\t\t\t\t\t\t\t\t\t\t<ul class=\"list-unstyled page-list mb-30\">\n\t\t\t\t\t\t\t\t\t\t\t\t\t<\/ul>\n\t\t\t\t\t<\/div>\n\t\t\t\t<\/div>\n\t\t\t<\/div>\n\t\t<\/section>\n\n\t\t\t\t\t<\/div>\n\t\t\t\t<\/div>\n\t\t\t\t\t<\/div>\n\t\t<\/div>\n\t\t\t\t\t<\/div>\n\t\t<\/section>\n\t\t\t\t<\/div>","protected":false},"excerpt":{"rendered":"<p>TEN FOR TOURS VIP Experience: Private Tour to Peneda-Ger\u00eas National Park Explore Portugal&#8217;s only national park with a specialized guide. Enjoy walks along nature trails, visit typical villages, waterfalls and incredible viewpoints, in a day full of nature and adventure. Duration Full day (about 8 hours) Itinerary (sample) Hiking on selected trails in the park [&hellip;]<\/p>\n","protected":false},"author":1,"featured_media":0,"parent":2209,"menu_order":0,"comment_status":"closed","ping_status":"closed","template":"page-templates\/home.php","meta":{"footnotes":""},"class_list":["post-6256","page","type-page","status-publish","hentry"],"_links":{"self":[{"href":"https:\/\/tenfortours.com\/pt\/wp-json\/wp\/v2\/pages\/6256","targetHints":{"allow":["GET"]}}],"collection":[{"href":"https:\/\/tenfortours.com\/pt\/wp-json\/wp\/v2\/pages"}],"about":[{"href":"https:\/\/tenfortours.com\/pt\/wp-json\/wp\/v2\/types\/page"}],"author":[{"embeddable":true,"href":"https:\/\/tenfortours.com\/pt\/wp-json\/wp\/v2\/users\/1"}],"replies":[{"embeddable":true,"href":"https:\/\/tenfortours.com\/pt\/wp-json\/wp\/v2\/comments?post=6256"}],"version-history":[{"count":10,"href":"https:\/\/tenfortours.com\/pt\/wp-json\/wp\/v2\/pages\/6256\/revisions"}],"predecessor-version":[{"id":6428,"href":"https:\/\/tenfortours.com\/pt\/wp-json\/wp\/v2\/pages\/6256\/revisions\/6428"}],"up":[{"embeddable":true,"href":"https:\/\/tenfortours.com\/pt\/wp-json\/wp\/v2\/pages\/2209"}],"wp:attachment":[{"href":"https:\/\/tenfortours.com\/pt\/wp-json\/wp\/v2\/media?parent=6256"}],"curies":[{"name":"wp","href":"https:\/\/api.w.org\/{rel}","templated":true}]}}