{"id":6261,"date":"2025-07-11T17:48:51","date_gmt":"2025-07-11T17:48:51","guid":{"rendered":"https:\/\/tenfortours.com\/?page_id=6261"},"modified":"2025-07-14T11:04:22","modified_gmt":"2025-07-14T11:04:22","slug":"vip-experience-private-tour-nazare-departure-from-porto","status":"publish","type":"page","link":"https:\/\/tenfortours.com\/pt\/vip-experience\/vip-experience-private-tour-nazare-departure-from-porto\/","title":{"rendered":"VIP Experience: Private Tour Nazar\u00e9 &#8211; Departure from Porto"},"content":{"rendered":"<div data-elementor-type=\"wp-page\" data-elementor-id=\"6261\" class=\"elementor elementor-6261\" data-elementor-post-type=\"page\">\n\t\t\t\t\t\t<section class=\"elementor-section elementor-top-section elementor-element elementor-element-199bde5 elementor-section-full_width elementor-section-height-default elementor-section-height-default\" data-id=\"199bde5\" data-element_type=\"section\" data-e-type=\"section\">\n\t\t\t\t\t\t<div class=\"elementor-container elementor-column-gap-no\">\n\t\t\t\t\t<div class=\"elementor-column elementor-col-100 elementor-top-column elementor-element elementor-element-a9b8ebf\" data-id=\"a9b8ebf\" data-element_type=\"column\" data-e-type=\"column\">\n\t\t\t<div class=\"elementor-widget-wrap elementor-element-populated\">\n\t\t\t\t\t\t<div class=\"elementor-element elementor-element-6e22834 elementor-align-left elementor-widget elementor-widget-pages-restaurant-banner\" data-id=\"6e22834\" data-element_type=\"widget\" data-e-type=\"widget\" data-widget_type=\"pages-restaurant-banner.default\">\n\t\t\t\t<div class=\"elementor-widget-container\">\n\t\t\t\t\t\r\n\t\t<header class=\"header slider\">\r\n\t\t\t<div class=\"owl-carousel owl-theme\">\r\n\t\t\t\t<!-- The opacity on the image is made with \"data-overlay-dark=\"number\". You can change it using the numbers 0-9. -->\r\n\t\t\t\t\t\t\t\t\t\t\t\t\t\t\t<div class=\"text-center item bg-img\" data-overlay-dark=\"3\" data-background=\"https:\/\/tenfortours.com\/wp-content\/uploads\/2025\/07\/TFT-25_Web_Nazare_02-C.jpg\"><\/div>\r\n\t\t\t\t\t\t\t\t\t\t\t\t\t\t\t\t\t\t\t\t<div class=\"text-center item bg-img\" data-overlay-dark=\"3\" data-background=\"https:\/\/tenfortours.com\/wp-content\/uploads\/2025\/07\/TFT-25_Web_Nazare_02-A.jpg\"><\/div>\r\n\t\t\t\t\t\t\t\t\t\t\t\t\t\t\t\t\t\t\t\t<div class=\"text-center item bg-img\" data-overlay-dark=\"3\" data-background=\"https:\/\/tenfortours.com\/wp-content\/uploads\/2025\/07\/TFT-25_Web_Nazare_02-B.jpg\"><\/div>\r\n\t\t\t\t\t\t\t\t\t\t\t\t\t\t\t\t\t\t\t\t<div class=\"text-center item bg-img\" data-overlay-dark=\"3\" data-background=\"https:\/\/tenfortours.com\/wp-content\/uploads\/2025\/07\/TFT-25_Web_Nazare_01.jpg\"><\/div>\r\n\t\t\t\t\t\t\t\t\t\t\t\t<\/div>\r\n\t\t\t<!-- arrow down -->\r\n\t\t\t<div class=\"arrow bounce text-center\">\r\n\t\t\t\t<a href=\"#\" data-scroll-nav=\"1\" class=\"\"> <i class=\"ti-arrow-down\"><\/i> <\/a>\r\n\t\t\t<\/div>\r\n\t\t<\/header>\r\n\r\n\t\t\r\n\t\t\t\t\t<\/div>\n\t\t\t\t<\/div>\n\t\t\t\t\t<\/div>\n\t\t<\/div>\n\t\t\t\t\t<\/div>\n\t\t<\/section>\n\t\t\t\t<section class=\"elementor-section elementor-top-section elementor-element elementor-element-f75261f elementor-section-full_width elementor-section-height-default elementor-section-height-default\" data-id=\"f75261f\" data-element_type=\"section\" data-e-type=\"section\">\n\t\t\t\t\t\t<div class=\"elementor-container elementor-column-gap-no\">\n\t\t\t\t\t<div class=\"elementor-column elementor-col-100 elementor-top-column elementor-element elementor-element-003bdf4\" data-id=\"003bdf4\" data-element_type=\"column\" data-e-type=\"column\">\n\t\t\t<div class=\"elementor-widget-wrap elementor-element-populated\">\n\t\t\t\t\t\t<div class=\"elementor-element elementor-element-b9f6e29 elementor-align-left elementor-widget elementor-widget-pages-restaurant-content\" data-id=\"b9f6e29\" data-element_type=\"widget\" data-e-type=\"widget\" data-widget_type=\"pages-restaurant-content.default\">\n\t\t\t\t<div class=\"elementor-widget-container\">\n\t\t\t\t\t\n\t\t<section class=\"rooms-page section-padding\" data-scroll-index=\"1\">\n\t\t\t<div class=\"container\">\n\t\t\t\t<div class=\"row\">\n\t\t\t\t\t<div class=\"col-md-12 text-left\"> \n\t\t\t\t\t\t\t\t\t\t\t\t<span>\n\t\t\t\t\t\t\t\t\t\t\t\t\t\t\t<i class=\"star-rating\"><\/i>\n\t\t\t\t\t\t\t\t<i class=\"star-rating\"><\/i>\n\t\t\t\t\t\t\t\t<i class=\"star-rating\"><\/i>\n\t\t\t\t\t\t\t\t<i class=\"star-rating\"><\/i>\n\t\t\t\t\t\t\t\t<i class=\"star-rating\"><\/i>\n\t\t\t\t\t\t\t\t\t\t\t\t\t<\/span>\n\t\t\t\t\t\t\t\t\t\t\t\t\t\t\t\t\t\t\t<div class=\"section-subtitle\">TEN FOR TOURS<\/div>\n\t\t\t\t\t\t\t\t\t\t\t\t\t\t\t\t\t\t\t<div class=\"section-title\">Experi\u00eancia VIP: Tour Privado Nazar\u00e9\n- Sa\u00edda do Porto<\/div>\n\t\t\t\t\t\t\t\t\t\t\t<\/div>\n\t\t\t\t\t<div class=\"col-md-12\">\n\t\t\t\t\t\t\t\t\t\t\t\t<p class=\"mb-30\">Descubra a famosa vila costeira da\nNazar\u00e9, conhecida pelas suas ondas\ngigantes, tradi\u00e7\u00f5es mar\u00edtimas e\npaisagens deslumbrantes.<\/p>\n\n<h6>Dura\u00e7\u00e3o<\/h6>\n<ul class=\"list-unstyled page-list mb-30\">\n \t<li>\n<div class=\"page-list-icon\"><span class=\"ti-check\"><\/span><\/div>\n<div class=\"page-list-text\">\nDia inteiro (aproximadamente 7-8\nhoras)<\/li>\n<\/ul>\n\n<h6>Itiner\u00e1rio (exemplo)<\/h6>\n<ul class=\"list-unstyled page-list mb-30\">\n \t<li>\n<div class=\"page-list-icon\"><span class=\"ti-check\"><\/span><\/div>\n<div class=\"page-list-text\">\nPartida do Porto de manh\u00e3<\/li>\n \t<li>\n<div class=\"page-list-icon\"><span class=\"ti-check\"><\/span><\/div>\n<div class=\"page-list-text\">\n\nVisita ao S\u00edtio da Nazar\u00e9, com vistas\npanor\u00e2micas sobre o oceano e a\ncosta<\/div><\/li>\n \t<li>\n<div class=\"page-list-icon\"><span class=\"ti-check\"><\/span><\/div>\n<div class=\"page-list-text\">\n\nPasseio pela praia e pelo centro\nhist\u00f3rico<\/div><\/li>\n \t<li>\n<div class=\"page-list-icon\"><span class=\"ti-check\"><\/span><\/div>\n<div class=\"page-list-text\">\n\nTempo livre para almo\u00e7o (n\u00e3o\ninclu\u00eddo) e para explorar a vila<\/div><\/li>\n \t<li>\n<div class=\"page-list-icon\"><span class=\"ti-check\"><\/span><\/div>\n<div class=\"page-list-text\">\n\nRegresso ao Porto no final do dia<\/div><\/li>\n<\/ul>\n\n\n<h6>Inclui<\/h6>\n<ul class=\"list-unstyled page-list mb-30\">\n \t<li>\n<div class=\"page-list-icon\"><span class=\"ti-check\"><\/span><\/div>\n<div class=\"page-list-text\">\nPick-up e drop-ou no seu alojamento\n(Porto, Gaia ou Matosinhos)<\/li>\n \t<li>\n<div class=\"page-list-icon\"><span class=\"ti-check\"><\/span><\/div>\n<div class=\"page-list-text\">\n\nTransporte num ve\u00edculo confort\u00e1vel\ne com ar condicionado (ex.\nMercedes)\n<\/div><\/li>\n \t<li>\n<div class=\"page-list-icon\"><span class=\"ti-check\"><\/span><\/div>\n<div class=\"page-list-text\">\n\nGuia profissional privado durante o\npasseio<\/div><\/li>\n \t<li>\n<div class=\"page-list-icon\"><span class=\"ti-check\"><\/span><\/div>\n<div class=\"page-list-text\">\n\n\u00c1gua a bordo<\/div><\/li>\n<\/ul>\n<h6>N\u00e3o inclui<\/h6>\n<ul class=\"list-unstyled page-list mb-30\">\n\t<li>\n<div class=\"page-list-icon\"><span class=\"ti-check\"><\/span><\/div>\n<div class=\"page-list-text\">\n\t\t\t<p>Refei\u00e7\u00f5es e bebidas<\/p>\n\t\t<\/div>\n\t<\/li>\n\t<li>\n<div class=\"page-list-icon\"><span class=\"ti-check\"><\/span><\/div>\n<div class=\"page-list-text\">\n\t\t\t<p>Entradas em monumentos, se\naplic\u00e1vel<\/p>\n\t\t<\/div>\n\t<\/li>\n<\/ul>\n\n\n\n<h6>Pre\u00e7os<\/h6>\n<ul class=\"list-unstyled page-list mb-30\">\n\t<li>\n\t\t<div class=\"page-list-text\">\n\t\t\t<p>1 a 3 pessoas: \u20ac380 total<\/p>\n\t<\/li>\n\t<li>\n\t\t<div class=\"page-list-text\">\n\t\t\t<p>4 a 7 pessoas: \u20ac450 total<\/p>\n\t<\/li>\n<\/ul>\n<div class=\"col-md-12\">\n<div class=\"butn-dark mt-15 mb-30\"><a href=\"https:\/\/tenfortours.com\/pt\/contact-us\/\"><span>Marque j\u00e1<\/span><\/a><\/div>\n<\/div>\n\t\t\t\t\t\t\t\t\t\t\t\t<ul class=\"list-unstyled page-list mb-30\">\n\t\t\t\t\t\t\t\t\t\t\t\t\t<\/ul>\n\t\t\t\t\t<\/div>\n\t\t\t\t<\/div>\n\t\t\t<\/div>\n\t\t<\/section>\n\n\t\t\t\t\t<\/div>\n\t\t\t\t<\/div>\n\t\t\t\t\t<\/div>\n\t\t<\/div>\n\t\t\t\t\t<\/div>\n\t\t<\/section>\n\t\t\t\t<\/div>","protected":false},"excerpt":{"rendered":"<p>TEN FOR TOURS VIP Experience: Private Tour Nazar\u00e9 &#8211; Departure from Porto Discover the famous coastal town of Nazar\u00e9, known for its giant waves, maritime traditions and stunning landscapes. Duration Full day (approximately 7-8 hours) Itinerary (sample) Departure from Porto in the morning Visit to the S\u00edtio da Nazar\u00e9, with panoramic views over the ocean [&hellip;]<\/p>\n","protected":false},"author":1,"featured_media":0,"parent":2209,"menu_order":0,"comment_status":"closed","ping_status":"closed","template":"page-templates\/home.php","meta":{"footnotes":""},"class_list":["post-6261","page","type-page","status-publish","hentry"],"_links":{"self":[{"href":"https:\/\/tenfortours.com\/pt\/wp-json\/wp\/v2\/pages\/6261","targetHints":{"allow":["GET"]}}],"collection":[{"href":"https:\/\/tenfortours.com\/pt\/wp-json\/wp\/v2\/pages"}],"about":[{"href":"https:\/\/tenfortours.com\/pt\/wp-json\/wp\/v2\/types\/page"}],"author":[{"embeddable":true,"href":"https:\/\/tenfortours.com\/pt\/wp-json\/wp\/v2\/users\/1"}],"replies":[{"embeddable":true,"href":"https:\/\/tenfortours.com\/pt\/wp-json\/wp\/v2\/comments?post=6261"}],"version-history":[{"count":10,"href":"https:\/\/tenfortours.com\/pt\/wp-json\/wp\/v2\/pages\/6261\/revisions"}],"predecessor-version":[{"id":6435,"href":"https:\/\/tenfortours.com\/pt\/wp-json\/wp\/v2\/pages\/6261\/revisions\/6435"}],"up":[{"embeddable":true,"href":"https:\/\/tenfortours.com\/pt\/wp-json\/wp\/v2\/pages\/2209"}],"wp:attachment":[{"href":"https:\/\/tenfortours.com\/pt\/wp-json\/wp\/v2\/media?parent=6261"}],"curies":[{"name":"wp","href":"https:\/\/api.w.org\/{rel}","templated":true}]}}