{"id":6674,"date":"2026-04-14T11:24:51","date_gmt":"2026-04-14T11:24:51","guid":{"rendered":"https:\/\/tenfortours.com\/?post_type=product&#038;p=6674"},"modified":"2026-04-14T11:33:38","modified_gmt":"2026-04-14T11:33:38","slug":"from-porto-brejoeira-palace-visit-tasting-and-lunch-valenca-and-geres","status":"publish","type":"product","link":"https:\/\/tenfortours.com\/pt\/produto\/from-porto-brejoeira-palace-visit-tasting-and-lunch-valenca-and-geres\/","title":{"rendered":"Do Porto | Pal\u00e1cio da Brejoeira: Visita, Prova e Almo\u00e7o + Valen\u00e7a e Ger\u00eas"},"content":{"rendered":"<p class=\"mb-30\">This full-day tour is perfect for those who want to experience the Minho in its essence, combining:\r\n\u2013 Historical heritage\r\n\u2013 Wine tourism and wine tasting\r\n\u2013 Local gastronomy\r\n\u2013 Spirituality and nature\r\nAll in comfort, with a professional guide and impeccable organization. Discover Minho with a visit and tasting at the Brejoeira Palace, explore Valen\u00e7a and the Senhora da Peneda Sanctuary, and be enchanted by the landscapes of Ger\u00eas. Includes regional lunch, authentic culture and unforgettable nature.<\/p>\r\n\r\n<div class=\"row\">\r\n<div class=\"col-md-6\"><\/div>\r\n<div class=\"col-md-12\">\r\n<h6>Itiner\u00e1rio<\/h6>\r\n<strong>Fortaleza de Valen\u00e7a do Minho<\/strong>\r\n\r\nThe first stop is the imposing 17th century fortress that dominates the border with Spain.\r\n\u2013 Introductory guided tour\r\n\u2013 Free time (45 minutes) to explore the ramparts, cobbled streets, craft stores and the Church of Santo Est\u00eav\u00e3o\r\n\u2013 Panoramic views over the River Minho and the medieval atmosphere\r\n\r\n<strong>Pal\u00e1cio da Brejoeira (Mon\u00e7\u00e3o)<\/strong>\r\n\r\nA neoclassical jewel in the heart of the Vinho Verde region.\r\n\u2013 Guided tour of the interior of the palace, noble halls, gardens and private chapel\r\n\u2013 Tasting of Vinho Verde wines (especially Alvarinho)\r\n\u2013 Accompaniment with regional snacks\r\n\r\n<strong>Almo\u00e7o T\u00edpico Regional<\/strong>\r\n\r\nEnjoy Minho cuisine in a traditional restaurant:\r\n\u2013 Dishes made with fresh, local ingredients\r\n\u2013 Authentic and memorable meal, full of flavor and tradition\r\n\r\n<strong>Santu\u00e1rio da Senhora da Peneda<\/strong>\r\n\r\nA place of spirituality and beauty in the Peneda-Ger\u00eas National Park.\r\n\u2013 Visit the church, courtyard and chapel path\r\n\u2013 Baroque staircase and surrounding mountain landscapes\r\n\r\n<strong>Passeio panor\u00e2mico pelo Ger\u00eas<\/strong>\r\n\r\nTerminamos o dia com um passeio inesquec\u00edvel pelas montanhas do Ger\u00eas<img fetchpriority=\"high\" decoding=\"async\" src=\"https:\/\/tenfortours.com\/wp-content\/uploads\/2026\/04\/TFT-25_Web_Minho_02-A-300x169.jpg\" alt=\"\" width=\"300\" height=\"169\" class=\"alignnone size-medium wp-image-6677\" srcset=\"https:\/\/tenfortours.com\/wp-content\/uploads\/2026\/04\/TFT-25_Web_Minho_02-A-300x169.jpg 300w, https:\/\/tenfortours.com\/wp-content\/uploads\/2026\/04\/TFT-25_Web_Minho_02-A-1024x576.jpg 1024w, https:\/\/tenfortours.com\/wp-content\/uploads\/2026\/04\/TFT-25_Web_Minho_02-A-768x432.jpg 768w, https:\/\/tenfortours.com\/wp-content\/uploads\/2026\/04\/TFT-25_Web_Minho_02-A-1536x864.jpg 1536w, https:\/\/tenfortours.com\/wp-content\/uploads\/2026\/04\/TFT-25_Web_Minho_02-A-18x10.jpg 18w, https:\/\/tenfortours.com\/wp-content\/uploads\/2026\/04\/TFT-25_Web_Minho_02-A-600x338.jpg 600w, https:\/\/tenfortours.com\/wp-content\/uploads\/2026\/04\/TFT-25_Web_Minho_02-A.jpg 1920w\" sizes=\"(max-width: 300px) 100vw, 300px\" \/>\r\n\r\n<\/div>\r\n<\/div>","protected":false},"excerpt":{"rendered":"<p>This full-day tour is perfect for those who want to experience the Minho in its essence, combining: \u2013 Historical heritage \u2013 Wine tourism and wine tasting \u2013 Local gastronomy \u2013 Spirituality and nature All in comfort, with a professional guide and impeccable organization. Discover Minho with a visit and tasting at the Brejoeira Palace, explore [&hellip;]<\/p>\n","protected":false},"featured_media":6677,"comment_status":"open","ping_status":"closed","template":"","meta":[],"product_brand":[],"product_cat":[46],"product_tag":[],"class_list":{"0":"post-6674","1":"product","2":"type-product","3":"status-publish","4":"has-post-thumbnail","6":"product_cat-tours","8":"first","9":"onbackorder","10":"shipping-taxable","11":"purchasable","12":"product-type-variable"},"_links":{"self":[{"href":"https:\/\/tenfortours.com\/pt\/wp-json\/wp\/v2\/product\/6674","targetHints":{"allow":["GET"]}}],"collection":[{"href":"https:\/\/tenfortours.com\/pt\/wp-json\/wp\/v2\/product"}],"about":[{"href":"https:\/\/tenfortours.com\/pt\/wp-json\/wp\/v2\/types\/product"}],"replies":[{"embeddable":true,"href":"https:\/\/tenfortours.com\/pt\/wp-json\/wp\/v2\/comments?post=6674"}],"wp:featuredmedia":[{"embeddable":true,"href":"https:\/\/tenfortours.com\/pt\/wp-json\/wp\/v2\/media\/6677"}],"wp:attachment":[{"href":"https:\/\/tenfortours.com\/pt\/wp-json\/wp\/v2\/media?parent=6674"}],"wp:term":[{"taxonomy":"product_brand","embeddable":true,"href":"https:\/\/tenfortours.com\/pt\/wp-json\/wp\/v2\/product_brand?post=6674"},{"taxonomy":"product_cat","embeddable":true,"href":"https:\/\/tenfortours.com\/pt\/wp-json\/wp\/v2\/product_cat?post=6674"},{"taxonomy":"product_tag","embeddable":true,"href":"https:\/\/tenfortours.com\/pt\/wp-json\/wp\/v2\/product_tag?post=6674"}],"curies":[{"name":"wp","href":"https:\/\/api.w.org\/{rel}","templated":true}]}}