{"id":6680,"date":"2026-04-14T11:42:50","date_gmt":"2026-04-14T11:42:50","guid":{"rendered":"https:\/\/tenfortours.com\/?post_type=product&#038;p=6680"},"modified":"2026-04-14T11:42:50","modified_gmt":"2026-04-14T11:42:50","slug":"fatima-batalha-monastery-heritage-faith","status":"publish","type":"product","link":"https:\/\/tenfortours.com\/pt\/produto\/fatima-batalha-monastery-heritage-faith\/","title":{"rendered":"F\u00e1tima e Mosteiro da Batalha - Patrim\u00f3nio e F\u00e9"},"content":{"rendered":"<p class=\"mb-30\">Explore dois dos locais mais\nsignificativos e hist\u00f3ricos de\nPortugal: o Santu\u00e1rio de F\u00e1tima e o\nMosteiro da Batalha, numa visita\nguiada em grupo. Esta experi\u00eancia\noferece uma vis\u00e3o profunda do\npatrim\u00f3nio religioso e arquitet\u00f3nico\ndo pa\u00eds.<\/p>\r\n\r\n<div class=\"row\">\r\n<div class=\"col-md-6\">\r\n<h6>Inclui<\/h6>\r\n<ul class=\"list-unstyled page-list mb-30\">\r\n \t<li>\r\n<div class=\"page-list-icon\"><span class=\"ti-check\"><\/span><\/div>\r\n<div class=\"page-list-text\">Transporte confort\u00e1vel em minibus ou carrinha com ar condicionado<\/div><\/li>\r\n \t<li>\r\n<div class=\"page-list-icon\"><span class=\"ti-check\"><\/span><\/div>\r\n<div class=\"page-list-text\">\r\n\r\nGuia conhecedor com explica\u00e7\u00f5es\ndetalhadas durante todo o percurso\r\n\r\n<\/div><\/li>\r\n \t<li>\r\n<div class=\"page-list-icon\"><span class=\"ti-check\"><\/span><\/div>\r\n<div class=\"page-list-text\">\r\n\r\nTempo livre no Santu\u00e1rio de F\u00e1tima\npara reflex\u00e3o pessoal\r\n\r\n<\/div><\/li>\r\n \t<li>\r\n<div class=\"page-list-icon\"><span class=\"ti-check\"><\/span><\/div>\r\n<div class=\"page-list-text\">\r\n\r\nVisita ao Mosteiro da Batalha, um\nexemplo impressionante da\narquitetura g\u00f3tica portuguesa\r\n\r\n<\/div><\/li>\r\n \t<li>\r\n<div class=\"page-list-icon\"><span class=\"ti-check\"><\/span><\/div>\r\n<div class=\"page-list-text\">\r\n\r\nGarrafa de \u00e1gua por h\u00f3spede para conforto durante a viagem\r\n\r\n<\/div><\/li>\r\n<\/ul>\r\n<\/div>\r\n<div class=\"col-md-6\">\r\n<h6>N\u00e3o inclui<\/h6>\r\n<ul class=\"list-unstyled page-list mb-30\">\r\n \t<li>\r\n<div class=\"page-list-icon\"><span class=\"ti-check\"><\/span><\/div>\r\n<div class=\"page-list-text\">\r\n\r\nAlmo\u00e7o\r\n\r\n<\/div><\/li>\r\n \t<li>\r\n<div class=\"page-list-icon\"><span class=\"ti-check\"><\/span><\/div>\r\n<div class=\"page-list-text\">\r\n\r\nDespesas pessoais\r\n\r\n<\/div><\/li>\r\n \t<li>\r\n<div class=\"page-list-icon\"><span class=\"ti-check\"><\/span><\/div>\r\n<div class=\"page-list-text\">\r\n\r\nGrojeta\r\n\r\n<\/div><\/li>\r\n<\/ul>\r\n<\/div>\r\n<div class=\"col-md-12\">\r\n<h6>Perfeito para si<\/h6>\r\nPerfeito para quem quer mergulhar\nna hist\u00f3ria e espiritualidade de\nPortugal, com um guia profissional e\nnum ambiente de grupo confort\u00e1vel\ne acess\u00edvel\r\n\r\n<\/div>\r\n<\/div>","protected":false},"excerpt":{"rendered":"<p>Explore two of Portugal\u2019s most significant and historical sites: the Sanctuary of F\u00e1tima and the Batalha Monastery, on a guided group tour. This experience offers deep insight into the country\u2019s religious and architectural heritage. What\u2019s Included Comfortable transportation in an air-conditioned minibus or van Knowledgeable guide with detailed explanations throughout the journey Free time at [&hellip;]<\/p>\n","protected":false},"featured_media":5935,"comment_status":"open","ping_status":"closed","template":"","meta":[],"product_brand":[],"product_cat":[46],"product_tag":[],"class_list":{"0":"post-6680","1":"product","2":"type-product","3":"status-publish","4":"has-post-thumbnail","6":"product_cat-tours","8":"first","9":"onbackorder","10":"shipping-taxable","11":"purchasable","12":"product-type-variable"},"_links":{"self":[{"href":"https:\/\/tenfortours.com\/pt\/wp-json\/wp\/v2\/product\/6680","targetHints":{"allow":["GET"]}}],"collection":[{"href":"https:\/\/tenfortours.com\/pt\/wp-json\/wp\/v2\/product"}],"about":[{"href":"https:\/\/tenfortours.com\/pt\/wp-json\/wp\/v2\/types\/product"}],"replies":[{"embeddable":true,"href":"https:\/\/tenfortours.com\/pt\/wp-json\/wp\/v2\/comments?post=6680"}],"wp:featuredmedia":[{"embeddable":true,"href":"https:\/\/tenfortours.com\/pt\/wp-json\/wp\/v2\/media\/5935"}],"wp:attachment":[{"href":"https:\/\/tenfortours.com\/pt\/wp-json\/wp\/v2\/media?parent=6680"}],"wp:term":[{"taxonomy":"product_brand","embeddable":true,"href":"https:\/\/tenfortours.com\/pt\/wp-json\/wp\/v2\/product_brand?post=6680"},{"taxonomy":"product_cat","embeddable":true,"href":"https:\/\/tenfortours.com\/pt\/wp-json\/wp\/v2\/product_cat?post=6680"},{"taxonomy":"product_tag","embeddable":true,"href":"https:\/\/tenfortours.com\/pt\/wp-json\/wp\/v2\/product_tag?post=6680"}],"curies":[{"name":"wp","href":"https:\/\/api.w.org\/{rel}","templated":true}]}}