{"id":6690,"date":"2026-04-14T12:02:58","date_gmt":"2026-04-14T12:02:58","guid":{"rendered":"https:\/\/tenfortours.com\/?post_type=product&#038;p=6690"},"modified":"2026-04-14T12:10:00","modified_gmt":"2026-04-14T12:10:00","slug":"porto-lisbon-or-lisbon-porto-private-tour-with-3-cultural-stops","status":"publish","type":"product","link":"https:\/\/tenfortours.com\/pt\/produto\/porto-lisbon-or-lisbon-porto-private-tour-with-3-cultural-stops\/","title":{"rendered":"Experi\u00eancia VIP: Porto \u21c4 Lisboa com\n3 Paragens e Regresso ao Porto"},"content":{"rendered":"<p class=\"mb-30\">Perfect for small groups, families, or discerning travelers who wish to explore Portugal in comfort and style, with a guaranteed return to Porto and a worry-free experience. Personalized Exploration and Full Comfort Travel between Porto and Lisbon in an exclusive, comfortable setting with\u00a03 personalized stops\u00a0along the way and\u00a0return to Porto\u00a0at the end of the day. This private tour is designed for those who want to explore the best of Portugal with a flexible itinerary, tailored to your interests, all in luxury transportation.<\/p>\r\n\r\n<h6>Inclui<\/h6>\r\n<ul class=\"list-unstyled page-list mb-30\">\r\n \t<li>\r\n<div class=\"page-list-icon\"><span class=\"ti-check\"><\/span><\/div>\r\n<div class=\"page-list-text\">Transporte num ve\u00edculo de luxo\npremium com motorista profissional<\/div><\/li>\r\n \t<li>\r\n<div class=\"page-list-icon\"><span class=\"ti-check\"><\/span><\/div>\r\n<div class=\"page-list-text\">Guia exclusivo durante a viagem,\noferecendo informa\u00e7\u00f5es sobre os\nprincipais pontos de interesse ao\nlongo do caminho<\/div><\/li>\r\n \t<li>\r\n<div class=\"page-list-icon\"><span class=\"ti-check\"><\/span><\/div>\r\n<div class=\"page-list-text\">Paragens em locais hist\u00f3ricos,\nculturais ou paisag\u00edsticos (por\nexemplo, Coimbra, F\u00e1tima, \u00d3bidos,\nNazar\u00e9, etc.)<\/div><\/li>\r\n \t<li>\r\n<div class=\"page-list-icon\"><span class=\"ti-check\"><\/span><\/div>\r\n<div class=\"page-list-text\">Flexibilidade para ajustar o itiner\u00e1rio\ncom base nos seus interesses<\/div><\/li>\r\n \t<li>\r\n<div class=\"page-list-icon\"><span class=\"ti-check\"><\/span><\/div>\r\n<div class=\"page-list-text\">Servi\u00e7o totalmente privado e\npersonalizado<\/div><\/li>\r\n \t<li>\r\n<div class=\"page-list-icon\"><span class=\"ti-check\"><\/span><\/div>\r\n<div class=\"page-list-text\">Garrafa de \u00e1gua por h\u00f3spede para conforto durante a viagem<\/div><\/li>\r\n \t<li>\r\n<div class=\"page-list-icon\"><span class=\"ti-check\"><\/span><\/div>\r\n<div class=\"page-list-text\">Almo\u00e7o n\u00e3o inclu\u00eddo, mas o guia\npode recomendar lugares para\ncomer durante o seu tempo livre<\/div><\/li>\r\n<\/ul>\r\n<h6>Pre\u00e7o<\/h6>\r\n<ul class=\"list-unstyled page-list mb-30\">\r\n \t<li>\r\n<div class=\"page-list-text\">\r\n\r\n1 a 4 pessoas: \u20ac 700\r\n\r\n<\/div><\/li>\r\n \t<li>\r\n<div class=\"page-list-text\">\r\n\r\n5 a 7 pessoas: \u20ac 800\r\n\r\n<\/div><\/li>\r\n<\/ul>","protected":false},"excerpt":{"rendered":"<p>Perfect for small groups, families, or discerning travelers who wish to explore Portugal in comfort and style, with a guaranteed return to Porto and a worry-free experience. Personalized Exploration and Full Comfort Travel between Porto and Lisbon in an exclusive, comfortable setting with\u00a03 personalized stops\u00a0along the way and\u00a0return to Porto\u00a0at the end of the day. [&hellip;]<\/p>\n","protected":false},"featured_media":6027,"comment_status":"open","ping_status":"closed","template":"","meta":[],"product_brand":[],"product_cat":[48],"product_tag":[],"class_list":{"0":"post-6690","1":"product","2":"type-product","3":"status-publish","4":"has-post-thumbnail","6":"product_cat-vip_experiences","8":"first","9":"onbackorder","10":"shipping-taxable","11":"purchasable","12":"product-type-variable"},"_links":{"self":[{"href":"https:\/\/tenfortours.com\/pt\/wp-json\/wp\/v2\/product\/6690","targetHints":{"allow":["GET"]}}],"collection":[{"href":"https:\/\/tenfortours.com\/pt\/wp-json\/wp\/v2\/product"}],"about":[{"href":"https:\/\/tenfortours.com\/pt\/wp-json\/wp\/v2\/types\/product"}],"replies":[{"embeddable":true,"href":"https:\/\/tenfortours.com\/pt\/wp-json\/wp\/v2\/comments?post=6690"}],"wp:featuredmedia":[{"embeddable":true,"href":"https:\/\/tenfortours.com\/pt\/wp-json\/wp\/v2\/media\/6027"}],"wp:attachment":[{"href":"https:\/\/tenfortours.com\/pt\/wp-json\/wp\/v2\/media?parent=6690"}],"wp:term":[{"taxonomy":"product_brand","embeddable":true,"href":"https:\/\/tenfortours.com\/pt\/wp-json\/wp\/v2\/product_brand?post=6690"},{"taxonomy":"product_cat","embeddable":true,"href":"https:\/\/tenfortours.com\/pt\/wp-json\/wp\/v2\/product_cat?post=6690"},{"taxonomy":"product_tag","embeddable":true,"href":"https:\/\/tenfortours.com\/pt\/wp-json\/wp\/v2\/product_tag?post=6690"}],"curies":[{"name":"wp","href":"https:\/\/api.w.org\/{rel}","templated":true}]}}