{"id":6696,"date":"2026-04-14T12:17:48","date_gmt":"2026-04-14T12:17:48","guid":{"rendered":"https:\/\/tenfortours.com\/?post_type=product&#038;p=6696"},"modified":"2026-04-14T12:18:06","modified_gmt":"2026-04-14T12:18:06","slug":"vip-experience-porto-%e2%87%84-lisbon-with-4-hours-of-free-time-and-return-to-porto","status":"publish","type":"product","link":"https:\/\/tenfortours.com\/pt\/produto\/vip-experience-porto-%e2%87%84-lisbon-with-4-hours-of-free-time-and-return-to-porto\/","title":{"rendered":"Experi\u00eancia VIP: Porto \u21c4 Lisboa com\n4 Horas de Tempo Livre e Regresso\nao Porto"},"content":{"rendered":"<p class=\"mb-30\">Perfect for those who want to explore Lisbon independently while enjoying the freedom to choose what to do, all with maximum comfort and exclusivity during the round trip from Porto. Explore Lisbon at Your Own Pace with Full Comfort Embark on a\u00a0private exclusive tour\u00a0from Porto to Lisbon, with 4 hours of free time to explore the city at your own pace. After a day of discovery, return to Porto in total comfort, with a personalized service throughout the journey.<\/p>\r\n\r\n<h6>Inclui<\/h6>\r\n<ul class=\"list-unstyled page-list mb-30\">\r\n \t<li>\r\n<div class=\"page-list-icon\"><span class=\"ti-check\"><\/span><\/div>\r\n<div class=\"page-list-text\">Transporte num ve\u00edculo de luxo\npremium com motorista profissional<\/div><\/li>\r\n \t<li>\r\n<div class=\"page-list-icon\"><span class=\"ti-check\"><\/span><\/div>\r\n<div class=\"page-list-text\">Guia exclusivo durante a viagem,\noferecendo informa\u00e7\u00f5es sobre os\nprincipais pontos de interesse ao\nlongo do caminho<\/div><\/li>\r\n \t<li>\r\n<div class=\"page-list-icon\"><span class=\"ti-check\"><\/span><\/div>\r\n<div class=\"page-list-text\">4 horas de tempo livre em Lisboa\npara explorar \u00e0 vontade<\/div><\/li>\r\n \t<li>\r\n<div class=\"page-list-icon\"><span class=\"ti-check\"><\/span><\/div>\r\n<div class=\"page-list-text\">Recomenda\u00e7\u00f5es personalizadas\npara aproveitar ao m\u00e1ximo o seu\ntempo em Lisboa (e. ex. visitar os\nprincipais bairros como Alfama,\nBaixa, Chiado, Bel\u00e9m, etc.)<\/div><\/li>\r\n \t<li>\r\n<div class=\"page-list-icon\"><span class=\"ti-check\"><\/span><\/div>\r\n<div class=\"page-list-text\">Regresso ao Porto no final do dia\ncom transporte de luxo<\/div><\/li>\r\n \t<li>\r\n<div class=\"page-list-icon\"><span class=\"ti-check\"><\/span><\/div>\r\n<div class=\"page-list-text\">Garrafa de \u00e1gua por h\u00f3spede para conforto durante a viagem<\/div><\/li>\r\n \t<li>\r\n<div class=\"page-list-icon\"><span class=\"ti-check\"><\/span><\/div>\r\n<div class=\"page-list-text\">Almo\u00e7o n\u00e3o inclu\u00eddo, mas o guia\npode recomendar lugares para\ncomer durante o seu tempo livre<\/div><\/li>\r\n<\/ul>","protected":false},"excerpt":{"rendered":"<p>Perfect for those who want to explore Lisbon independently while enjoying the freedom to choose what to do, all with maximum comfort and exclusivity during the round trip from Porto. Explore Lisbon at Your Own Pace with Full Comfort Embark on a\u00a0private exclusive tour\u00a0from Porto to Lisbon, with 4 hours of free time to explore [&hellip;]<\/p>\n","protected":false},"featured_media":6026,"comment_status":"open","ping_status":"closed","template":"","meta":[],"product_brand":[],"product_cat":[48],"product_tag":[],"class_list":{"0":"post-6696","1":"product","2":"type-product","3":"status-publish","4":"has-post-thumbnail","6":"product_cat-vip_experiences","8":"first","9":"onbackorder","10":"shipping-taxable","11":"purchasable","12":"product-type-variable"},"_links":{"self":[{"href":"https:\/\/tenfortours.com\/pt\/wp-json\/wp\/v2\/product\/6696","targetHints":{"allow":["GET"]}}],"collection":[{"href":"https:\/\/tenfortours.com\/pt\/wp-json\/wp\/v2\/product"}],"about":[{"href":"https:\/\/tenfortours.com\/pt\/wp-json\/wp\/v2\/types\/product"}],"replies":[{"embeddable":true,"href":"https:\/\/tenfortours.com\/pt\/wp-json\/wp\/v2\/comments?post=6696"}],"wp:featuredmedia":[{"embeddable":true,"href":"https:\/\/tenfortours.com\/pt\/wp-json\/wp\/v2\/media\/6026"}],"wp:attachment":[{"href":"https:\/\/tenfortours.com\/pt\/wp-json\/wp\/v2\/media?parent=6696"}],"wp:term":[{"taxonomy":"product_brand","embeddable":true,"href":"https:\/\/tenfortours.com\/pt\/wp-json\/wp\/v2\/product_brand?post=6696"},{"taxonomy":"product_cat","embeddable":true,"href":"https:\/\/tenfortours.com\/pt\/wp-json\/wp\/v2\/product_cat?post=6696"},{"taxonomy":"product_tag","embeddable":true,"href":"https:\/\/tenfortours.com\/pt\/wp-json\/wp\/v2\/product_tag?post=6696"}],"curies":[{"name":"wp","href":"https:\/\/api.w.org\/{rel}","templated":true}]}}