{"id":6698,"date":"2026-04-14T12:22:12","date_gmt":"2026-04-14T12:22:12","guid":{"rendered":"https:\/\/tenfortours.com\/?post_type=product&#038;p=6698"},"modified":"2026-04-14T12:27:17","modified_gmt":"2026-04-14T12:27:17","slug":"vip-experience-douro-valley-green-wine","status":"publish","type":"product","link":"https:\/\/tenfortours.com\/pt\/produto\/vip-experience-douro-valley-green-wine\/","title":{"rendered":"VIP Experience: F\u00e1tima &#038; Batalha Monastery \u2013 Heritage &#038; Faith"},"content":{"rendered":"<p class=\"mb-30\">Perfect for couples, families, or small groups seeking a day of reflection, history, and stunning architecture in total comfort. Explore two of central Portugal\u2019s most meaningful and majestic sites in one day, with a private journey from Porto to F\u00e1tima and the Batalha Monastery \u2014 a UNESCO World Heritage treasure.<\/p>\r\n\r\n<h6>Inclui<\/h6>\r\n<ul class=\"list-unstyled page-list mb-30\">\r\n \t<li>\r\n<div class=\"page-list-icon\"><span class=\"ti-check\"><\/span><\/div>\r\n<div class=\"page-list-text\">Transporte num ve\u00edculo de luxo\npremium com motorista profissional<\/div><\/li>\r\n \t<li>\r\n<div class=\"page-list-icon\"><span class=\"ti-check\"><\/span><\/div>\r\n<div class=\"page-list-text\">Guia exclusivo que oferece\ninforma\u00e7\u00f5es personalizadas<\/div><\/li>\r\n \t<li>\r\n<div class=\"page-list-icon\"><span class=\"ti-check\"><\/span><\/div>\r\n<div class=\"page-list-text\">Tempo livre no Santu\u00e1rio de F\u00e1tima e\nnas capelas<\/div><\/li>\r\n \t<li>\r\n<div class=\"page-list-icon\"><span class=\"ti-check\"><\/span><\/div>\r\n<div class=\"page-list-text\">Visita ao Mosteiro da Batalha, uma\nobra-prima da arquitetura g\u00f3tica<\/div><\/li>\r\n \t<li>\r\n<div class=\"page-list-icon\"><span class=\"ti-check\"><\/span><\/div>\r\n<div class=\"page-list-text\">Paragens panor\u00e2micas e\nflexibilidade de acordo com o ritmo\ndo seu grupo<\/div><\/li>\r\n \t<li>\r\n<div class=\"page-list-icon\"><span class=\"ti-check\"><\/span><\/div>\r\n<div class=\"page-list-text\">Experi\u00eancia privada, confort\u00e1vel e\ntotalmente personalizada<\/div><\/li>\r\n \t<li>\r\n<div class=\"page-list-icon\"><span class=\"ti-check\"><\/span><\/div>\r\n<div class=\"page-list-text\">Garrafa de \u00e1gua por h\u00f3spede para conforto durante a viagem<\/div><\/li>\r\n \t<li>\r\n<div class=\"page-list-icon\"><span class=\"ti-check\"><\/span><\/div>\r\n<div class=\"page-list-text\">Almo\u00e7o n\u00e3o inclu\u00eddo, mas o guia\npode recomendar lugares para\ncomer durante o seu tempo livre<\/div><\/li>\r\n<\/ul>\r\n<h6>Pre\u00e7o por grupo<\/h6>\r\n<ul class=\"list-unstyled page-list mb-30\">\r\n \t<li>\r\n<div class=\"page-list-text\">\r\n\r\n1 a 2 pessoas: \u20ac600\r\n\r\n<\/div><\/li>\r\n \t<li>\r\n<div class=\"page-list-text\">\r\n\r\n3 a 7 pessoas: \u20ac700\r\n\r\n<\/div><\/li>\r\n<\/ul>","protected":false},"excerpt":{"rendered":"<p>Perfect for couples, families, or small groups seeking a day of reflection, history, and stunning architecture in total comfort. Explore two of central Portugal\u2019s most meaningful and majestic sites in one day, with a private journey from Porto to F\u00e1tima and the Batalha Monastery \u2014 a UNESCO World Heritage treasure. What\u2019s Included Premium luxury vehicle [&hellip;]<\/p>\n","protected":false},"featured_media":5935,"comment_status":"open","ping_status":"closed","template":"","meta":[],"product_brand":[],"product_cat":[48],"product_tag":[],"class_list":{"0":"post-6698","1":"product","2":"type-product","3":"status-publish","4":"has-post-thumbnail","6":"product_cat-vip_experiences","8":"first","9":"onbackorder","10":"shipping-taxable","11":"purchasable","12":"product-type-variable"},"_links":{"self":[{"href":"https:\/\/tenfortours.com\/pt\/wp-json\/wp\/v2\/product\/6698","targetHints":{"allow":["GET"]}}],"collection":[{"href":"https:\/\/tenfortours.com\/pt\/wp-json\/wp\/v2\/product"}],"about":[{"href":"https:\/\/tenfortours.com\/pt\/wp-json\/wp\/v2\/types\/product"}],"replies":[{"embeddable":true,"href":"https:\/\/tenfortours.com\/pt\/wp-json\/wp\/v2\/comments?post=6698"}],"wp:featuredmedia":[{"embeddable":true,"href":"https:\/\/tenfortours.com\/pt\/wp-json\/wp\/v2\/media\/5935"}],"wp:attachment":[{"href":"https:\/\/tenfortours.com\/pt\/wp-json\/wp\/v2\/media?parent=6698"}],"wp:term":[{"taxonomy":"product_brand","embeddable":true,"href":"https:\/\/tenfortours.com\/pt\/wp-json\/wp\/v2\/product_brand?post=6698"},{"taxonomy":"product_cat","embeddable":true,"href":"https:\/\/tenfortours.com\/pt\/wp-json\/wp\/v2\/product_cat?post=6698"},{"taxonomy":"product_tag","embeddable":true,"href":"https:\/\/tenfortours.com\/pt\/wp-json\/wp\/v2\/product_tag?post=6698"}],"curies":[{"name":"wp","href":"https:\/\/api.w.org\/{rel}","templated":true}]}}