{"id":6703,"date":"2026-04-14T12:34:11","date_gmt":"2026-04-14T12:34:11","guid":{"rendered":"https:\/\/tenfortours.com\/?post_type=product&#038;p=6703"},"modified":"2026-04-14T12:34:11","modified_gmt":"2026-04-14T12:34:11","slug":"vip-experience-porto-city-tour","status":"publish","type":"product","link":"https:\/\/tenfortours.com\/pt\/produto\/vip-experience-porto-city-tour\/","title":{"rendered":"Experi\u00eancia VIP: Porto City Tour"},"content":{"rendered":"<p class=\"mb-30\">Discover the charms of Porto on a private tour that adapts to your pace and interests. Departing directly from your accommodation, this experience combines the main historical sites, panoramic views and the authentic soul of Porto &#8211; all accompanied by a professional guide and premium vehicle.<\/p>\r\n\r\n<h6>Inclui<\/h6>\r\n<ul class=\"list-unstyled page-list mb-30\">\r\n \t<li>\r\n<div class=\"page-list-icon\"><span class=\"ti-check\"><\/span><\/div>\r\n<div class=\"page-list-text\">Pick-up and drop-om at your accommodation (Porto, Gaia or Matosinhos)<\/div><\/li>\r\n \t<li>\r\n<div class=\"page-list-icon\"><span class=\"ti-check\"><\/span><\/div>\r\n<div class=\"page-list-text\">Transport in a comfortable, air-conditioned vehicle (e.g. Mercedes)<\/div><\/li>\r\n \t<li>\r\n<div class=\"page-list-icon\"><span class=\"ti-check\"><\/span><\/div>\r\n<div class=\"page-list-text\">Guia profissional exclusivo<\/div><\/li>\r\n \t<li>\r\n<div class=\"page-list-icon\"><span class=\"ti-check\"><\/span><\/div>\r\n<div class=\"page-list-text\">Itiner\u00e1rio personalizado e flex\u00edvel<\/div><\/li>\r\n \t<li>\r\n<div class=\"page-list-icon\"><span class=\"ti-check\"><\/span><\/div>\r\n<div class=\"page-list-text\">Visita a locais emblem\u00e1ticos como:<\/div>\r\n<ul>\r\n \t<li>\r\n<div>1. S\u00e9 Catedral do Porto<\/div><\/li>\r\n \t<li>\r\n<div>2. Esta\u00e7\u00e3o de S\u00e3o Bento<\/div><\/li>\r\n \t<li>\r\n<div>3. Livraria Lello (entrada exterior ou\nopcional)<\/div><\/li>\r\n \t<li>\r\n<div>4. Cl\u00e9rigos<\/div><\/li>\r\n \t<li>\r\n<div>5. Torre da Ribeira e Ponte Lu\u00eds I<\/div><\/li>\r\n \t<li>\r\n<div>6. Viewpoints over the Douro, Foz neighborhood (coastal area), if time permits<\/div><\/li>\r\n<\/ul>\r\n<\/li>\r\n \t<li>\r\n<div class=\"page-list-icon\"><span class=\"ti-check\"><\/span><\/div>\r\n<div class=\"page-list-text\">Tempo livre para fotos, passeio ou\ncompras<\/div><\/li>\r\n \t<li>\r\n<div class=\"page-list-icon\"><span class=\"ti-check\"><\/span><\/div>\r\n<div class=\"page-list-text\">\u00c1gua a bordo<\/div><\/li>\r\n<\/ul>\r\n<h6>N\u00e3o inclui<\/h6>\r\n<ul class=\"list-unstyled page-list mb-30\">\r\n \t<li>\r\n<div class=\"page-list-icon\"><span class=\"ti-check\"><\/span><\/div>\r\n<div class=\"page-list-text\">\r\n\r\nEntradas nos monumentos\r\n\r\n<\/div><\/li>\r\n \t<li>\r\n<div class=\"page-list-icon\"><span class=\"ti-check\"><\/span><\/div>\r\n<div class=\"page-list-text\">\r\n\r\nRefei\u00e7\u00f5es\r\n\r\n<\/div><\/li>\r\n \t<li>\r\n<div class=\"page-list-icon\"><span class=\"ti-check\"><\/span><\/div>\r\n<div class=\"page-list-text\">\r\n\r\nVisita a uma adega e prova de vinhos\n(opcional a pedido)\r\n\r\n<\/div><\/li>\r\n<\/ul>","protected":false},"excerpt":{"rendered":"<p>Discover the charms of Porto on a private tour that adapts to your pace and interests. Departing directly from your accommodation, this experience combines the main historical sites, panoramic views and the authentic soul of Porto &#8211; all accompanied by a professional guide and premium vehicle. What\u2019s Included Pick-up and drop-om at your accommodation (Porto, [&hellip;]<\/p>\n","protected":false},"featured_media":5879,"comment_status":"open","ping_status":"closed","template":"","meta":[],"product_brand":[],"product_cat":[48],"product_tag":[],"class_list":{"0":"post-6703","1":"product","2":"type-product","3":"status-publish","4":"has-post-thumbnail","6":"product_cat-vip_experiences","8":"first","9":"onbackorder","10":"shipping-taxable","11":"purchasable","12":"product-type-variable"},"_links":{"self":[{"href":"https:\/\/tenfortours.com\/pt\/wp-json\/wp\/v2\/product\/6703","targetHints":{"allow":["GET"]}}],"collection":[{"href":"https:\/\/tenfortours.com\/pt\/wp-json\/wp\/v2\/product"}],"about":[{"href":"https:\/\/tenfortours.com\/pt\/wp-json\/wp\/v2\/types\/product"}],"replies":[{"embeddable":true,"href":"https:\/\/tenfortours.com\/pt\/wp-json\/wp\/v2\/comments?post=6703"}],"wp:featuredmedia":[{"embeddable":true,"href":"https:\/\/tenfortours.com\/pt\/wp-json\/wp\/v2\/media\/5879"}],"wp:attachment":[{"href":"https:\/\/tenfortours.com\/pt\/wp-json\/wp\/v2\/media?parent=6703"}],"wp:term":[{"taxonomy":"product_brand","embeddable":true,"href":"https:\/\/tenfortours.com\/pt\/wp-json\/wp\/v2\/product_brand?post=6703"},{"taxonomy":"product_cat","embeddable":true,"href":"https:\/\/tenfortours.com\/pt\/wp-json\/wp\/v2\/product_cat?post=6703"},{"taxonomy":"product_tag","embeddable":true,"href":"https:\/\/tenfortours.com\/pt\/wp-json\/wp\/v2\/product_tag?post=6703"}],"curies":[{"name":"wp","href":"https:\/\/api.w.org\/{rel}","templated":true}]}}