{"id":6726,"date":"2026-04-14T12:53:57","date_gmt":"2026-04-14T12:53:57","guid":{"rendered":"https:\/\/tenfortours.com\/?post_type=product&#038;p=6726"},"modified":"2026-04-14T12:55:43","modified_gmt":"2026-04-14T12:55:43","slug":"vip-experience-private-tour-to-the-historical-villages-of-the-north","status":"publish","type":"product","link":"https:\/\/tenfortours.com\/pt\/produto\/vip-experience-private-tour-to-the-historical-villages-of-the-north\/","title":{"rendered":"Experi\u00eancia VIP: Tour Privado ao\nParque Nacional da Peneda-Ger\u00eas"},"content":{"rendered":"<p class=\"mb-30\">Explore Portugal&#8217;s only national park with a specialized guide. Enjoy walks along nature trails, visit typical villages, waterfalls and incredible viewpoints, in a day full of nature and adventure.<\/p>\r\n\r\n<h6>Dura\u00e7\u00e3o<\/h6>\r\n<ul class=\"list-unstyled page-list mb-30\">\r\n \t<li>\r\n<div class=\"page-list-icon\"><span class=\"ti-check\"><\/span><\/div>\r\n<div class=\"page-list-text\">Dia inteiro (cerca de 8 horas)<\/div><\/li>\r\n<\/ul>\r\n<h6>Itiner\u00e1rio (exemplo)<\/h6>\r\n<ul class=\"list-unstyled page-list mb-30\">\r\n \t<li>\r\n<div class=\"page-list-icon\"><span class=\"ti-check\"><\/span><\/div>\r\n<div class=\"page-list-text\">Caminhadas em trilhos\nselecionados no parque<\/div><\/li>\r\n \t<li>\r\n<div class=\"page-list-icon\"><span class=\"ti-check\"><\/span><\/div>\r\n<div class=\"page-list-text\">Visita a aldeias tradicionais com\ncultura e arquitetura t\u00edpicas<\/div><\/li>\r\n \t<li>\r\n<div class=\"page-list-icon\"><span class=\"ti-check\"><\/span><\/div>\r\n<div class=\"page-list-text\">Paragem em cascatas e pontos de\ninteresse natural<\/div><\/li>\r\n \t<li>\r\n<div class=\"page-list-icon\"><span class=\"ti-check\"><\/span><\/div>\r\n<div class=\"page-list-text\">Paragem em miradouros panor\u00e2micos para apreciar a paisagem deslumbrante.<\/div><\/li>\r\n<\/ul>\r\n<h6>Inclui<\/h6>\r\n<ul class=\"list-unstyled page-list mb-30\">\r\n \t<li>\r\n<div class=\"page-list-icon\"><span class=\"ti-check\"><\/span><\/div>\r\n<div class=\"page-list-text\">Pick-up and drop-om at your accommodation (Porto, Gaia or Matosinhos)<\/div><\/li>\r\n \t<li>\r\n<div class=\"page-list-icon\"><span class=\"ti-check\"><\/span><\/div>\r\n<div class=\"page-list-text\">Private transportation in a comfortable air-conditioned vehicle (e.g. Mercedes)<\/div><\/li>\r\n \t<li>\r\n<div class=\"page-list-icon\"><span class=\"ti-check\"><\/span><\/div>\r\n<div class=\"page-list-text\">Guia profissional privado durante\ntodo o dia<\/div><\/li>\r\n \t<li>\r\n<div class=\"page-list-icon\"><span class=\"ti-check\"><\/span><\/div>\r\n<div class=\"page-list-text\">\u00c1gua a bordo<\/div><\/li>\r\n<\/ul>\r\n<h6>N\u00e3o inclui<\/h6>\r\n<ul class=\"list-unstyled page-list mb-30\">\r\n \t<li>\r\n<div class=\"page-list-icon\"><span class=\"ti-check\"><\/span><\/div>\r\n<div class=\"page-list-text\">\r\n\r\nRefei\u00e7\u00f5es e taxas de entrada em\natrac\u00e7\u00f5es (se aplic\u00e1vel)\r\n\r\n<\/div><\/li>\r\n<\/ul>\r\n<h6>Pre\u00e7os<\/h6>\r\n<ul class=\"list-unstyled page-list mb-30\">\r\n \t<li>\r\n<div class=\"page-list-text\">\r\n\r\n1 a 3 pessoas: \u20ac400 total\r\n\r\n<\/div><\/li>\r\n \t<li>\r\n<div class=\"page-list-text\">\r\n\r\n4 a 7 pessoas: \u20ac480 total\r\n\r\n<\/div><\/li>\r\n<\/ul>","protected":false},"excerpt":{"rendered":"<p>Explore Portugal&#8217;s only national park with a specialized guide. Enjoy walks along nature trails, visit typical villages, waterfalls and incredible viewpoints, in a day full of nature and adventure. Duration Full day (about 8 hours) Itinerary (sample) Hiking on selected trails in the park Visit traditional villages with typical culture and architecture Stop at waterfalls [&hellip;]<\/p>\n","protected":false},"featured_media":6422,"comment_status":"open","ping_status":"closed","template":"","meta":[],"product_brand":[],"product_cat":[48],"product_tag":[],"class_list":{"0":"post-6726","1":"product","2":"type-product","3":"status-publish","4":"has-post-thumbnail","6":"product_cat-vip_experiences","8":"first","9":"onbackorder","10":"shipping-taxable","11":"purchasable","12":"product-type-variable"},"_links":{"self":[{"href":"https:\/\/tenfortours.com\/pt\/wp-json\/wp\/v2\/product\/6726","targetHints":{"allow":["GET"]}}],"collection":[{"href":"https:\/\/tenfortours.com\/pt\/wp-json\/wp\/v2\/product"}],"about":[{"href":"https:\/\/tenfortours.com\/pt\/wp-json\/wp\/v2\/types\/product"}],"replies":[{"embeddable":true,"href":"https:\/\/tenfortours.com\/pt\/wp-json\/wp\/v2\/comments?post=6726"}],"wp:featuredmedia":[{"embeddable":true,"href":"https:\/\/tenfortours.com\/pt\/wp-json\/wp\/v2\/media\/6422"}],"wp:attachment":[{"href":"https:\/\/tenfortours.com\/pt\/wp-json\/wp\/v2\/media?parent=6726"}],"wp:term":[{"taxonomy":"product_brand","embeddable":true,"href":"https:\/\/tenfortours.com\/pt\/wp-json\/wp\/v2\/product_brand?post=6726"},{"taxonomy":"product_cat","embeddable":true,"href":"https:\/\/tenfortours.com\/pt\/wp-json\/wp\/v2\/product_cat?post=6726"},{"taxonomy":"product_tag","embeddable":true,"href":"https:\/\/tenfortours.com\/pt\/wp-json\/wp\/v2\/product_tag?post=6726"}],"curies":[{"name":"wp","href":"https:\/\/api.w.org\/{rel}","templated":true}]}}