{"id":6733,"date":"2026-04-14T13:05:32","date_gmt":"2026-04-14T13:05:32","guid":{"rendered":"https:\/\/tenfortours.com\/?post_type=product&#038;p=6733"},"modified":"2026-04-14T13:05:32","modified_gmt":"2026-04-14T13:05:32","slug":"vip-experience-private-tour-nazare-departure-from-porto","status":"publish","type":"product","link":"https:\/\/tenfortours.com\/pt\/produto\/vip-experience-private-tour-nazare-departure-from-porto\/","title":{"rendered":"VIP Experience: Private Tour Nazar\u00e9 &#8211; Departure from Porto"},"content":{"rendered":"<p class=\"mb-30\">Descubra a famosa vila costeira da\nNazar\u00e9, conhecida pelas suas ondas\ngigantes, tradi\u00e7\u00f5es mar\u00edtimas e\npaisagens deslumbrantes.<\/p>\r\n\r\n<h6>Dura\u00e7\u00e3o<\/h6>\r\n<ul class=\"list-unstyled page-list mb-30\">\r\n \t<li>\r\n<div class=\"page-list-icon\"><span class=\"ti-check\"><\/span><\/div>\r\n<div class=\"page-list-text\">Dia inteiro (aproximadamente 7-8\nhoras)<\/div><\/li>\r\n<\/ul>\r\n<h6>Itiner\u00e1rio (exemplo)<\/h6>\r\n<ul class=\"list-unstyled page-list mb-30\">\r\n \t<li>\r\n<div class=\"page-list-icon\"><span class=\"ti-check\"><\/span><\/div>\r\n<div class=\"page-list-text\">Partida do Porto de manh\u00e3<\/div><\/li>\r\n \t<li>\r\n<div class=\"page-list-icon\"><span class=\"ti-check\"><\/span><\/div>\r\n<div class=\"page-list-text\">Visit to the S\u00edtio da Nazar\u00e9, with panoramic views over the ocean and the coast<\/div><\/li>\r\n \t<li>\r\n<div class=\"page-list-icon\"><span class=\"ti-check\"><\/span><\/div>\r\n<div class=\"page-list-text\">Passeio pela praia e pelo centro\nhist\u00f3rico<\/div><\/li>\r\n \t<li>\r\n<div class=\"page-list-icon\"><span class=\"ti-check\"><\/span><\/div>\r\n<div class=\"page-list-text\">Tempo livre para almo\u00e7o (n\u00e3o\ninclu\u00eddo) e para explorar a vila<\/div><\/li>\r\n \t<li>\r\n<div class=\"page-list-icon\"><span class=\"ti-check\"><\/span><\/div>\r\n<div class=\"page-list-text\">Regresso ao Porto no final do dia<\/div><\/li>\r\n<\/ul>\r\n<h6>Inclui<\/h6>\r\n<ul class=\"list-unstyled page-list mb-30\">\r\n \t<li>\r\n<div class=\"page-list-icon\"><span class=\"ti-check\"><\/span><\/div>\r\n<div class=\"page-list-text\">Pick-up and drop-om at your accommodation (Porto, Gaia or Matosinhos)<\/div><\/li>\r\n \t<li>\r\n<div class=\"page-list-icon\"><span class=\"ti-check\"><\/span><\/div>\r\n<div class=\"page-list-text\">Private transportation in a comfortable air-conditioned vehicle (e.g. Mercedes)<\/div><\/li>\r\n \t<li>\r\n<div class=\"page-list-icon\"><span class=\"ti-check\"><\/span><\/div>\r\n<div class=\"page-list-text\">Guia profissional privado durante o\npasseio<\/div><\/li>\r\n \t<li>\r\n<div class=\"page-list-icon\"><span class=\"ti-check\"><\/span><\/div>\r\n<div class=\"page-list-text\">\u00c1gua a bordo<\/div><\/li>\r\n<\/ul>\r\n<h6>N\u00e3o inclui<\/h6>\r\n<ul class=\"list-unstyled page-list mb-30\">\r\n \t<li>\r\n<div class=\"page-list-icon\"><span class=\"ti-check\"><\/span><\/div>\r\n<div class=\"page-list-text\">\r\n\r\nRefei\u00e7\u00f5es e bebidas\r\n\r\n<\/div><\/li>\r\n \t<li>\r\n<div class=\"page-list-icon\"><span class=\"ti-check\"><\/span><\/div>\r\n<div class=\"page-list-text\">\r\n\r\nEntradas em monumentos, se\naplic\u00e1vel\r\n\r\n<\/div><\/li>\r\n<\/ul>\r\n<h6>Pre\u00e7os<\/h6>\r\n<ul class=\"list-unstyled page-list mb-30\">\r\n \t<li>\r\n<div class=\"page-list-text\">\r\n\r\n1 a 3 pessoas: \u20ac380 total\r\n\r\n<\/div><\/li>\r\n \t<li>\r\n<div class=\"page-list-text\">\r\n\r\n4 a 7 pessoas: \u20ac450 total\r\n\r\n<\/div><\/li>\r\n<\/ul>","protected":false},"excerpt":{"rendered":"<p>Discover the famous coastal town of Nazar\u00e9, known for its giant waves, maritime traditions and stunning landscapes. Duration Full day (approximately 7-8 hours) Itinerary (sample) Departure from Porto in the morning Visit to the S\u00edtio da Nazar\u00e9, with panoramic views over the ocean and the coast Walk along the beach and through the historic center [&hellip;]<\/p>\n","protected":false},"featured_media":6430,"comment_status":"open","ping_status":"closed","template":"","meta":[],"product_brand":[],"product_cat":[48],"product_tag":[],"class_list":{"0":"post-6733","1":"product","2":"type-product","3":"status-publish","4":"has-post-thumbnail","6":"product_cat-vip_experiences","8":"first","9":"onbackorder","10":"shipping-taxable","11":"purchasable","12":"product-type-variable"},"_links":{"self":[{"href":"https:\/\/tenfortours.com\/pt\/wp-json\/wp\/v2\/product\/6733","targetHints":{"allow":["GET"]}}],"collection":[{"href":"https:\/\/tenfortours.com\/pt\/wp-json\/wp\/v2\/product"}],"about":[{"href":"https:\/\/tenfortours.com\/pt\/wp-json\/wp\/v2\/types\/product"}],"replies":[{"embeddable":true,"href":"https:\/\/tenfortours.com\/pt\/wp-json\/wp\/v2\/comments?post=6733"}],"wp:featuredmedia":[{"embeddable":true,"href":"https:\/\/tenfortours.com\/pt\/wp-json\/wp\/v2\/media\/6430"}],"wp:attachment":[{"href":"https:\/\/tenfortours.com\/pt\/wp-json\/wp\/v2\/media?parent=6733"}],"wp:term":[{"taxonomy":"product_brand","embeddable":true,"href":"https:\/\/tenfortours.com\/pt\/wp-json\/wp\/v2\/product_brand?post=6733"},{"taxonomy":"product_cat","embeddable":true,"href":"https:\/\/tenfortours.com\/pt\/wp-json\/wp\/v2\/product_cat?post=6733"},{"taxonomy":"product_tag","embeddable":true,"href":"https:\/\/tenfortours.com\/pt\/wp-json\/wp\/v2\/product_tag?post=6733"}],"curies":[{"name":"wp","href":"https:\/\/api.w.org\/{rel}","templated":true}]}}